{"id":8475,"date":"2025-12-10T12:05:43","date_gmt":"2025-12-10T12:05:43","guid":{"rendered":"https:\/\/omprela.itsnotnow.gr\/product\/wooden-table-t-20\/"},"modified":"2026-02-17T00:56:04","modified_gmt":"2026-02-17T00:56:04","slug":"wooden-table-t-20","status":"publish","type":"product","link":"https:\/\/omprela.gr\/en\/product\/wooden-table-t-20\/","title":{"rendered":"Wooden Table T-20"},"content":{"rendered":"<ul>\n<li><span data-sheets-root=\"1\">Handcrafted side table made from Indonesian suar wood<br \/>\n<\/span><\/li>\n<li><span data-sheets-root=\"1\">Ideal as a low\/coffee table for outdoor lounge areas<br \/>\n<\/span><\/li>\n<li><span data-sheets-root=\"1\">Available in 2 dimensions: 65 \u00d7 45 cm and 80 \u00d7 45 cm<br \/>\n<\/span><\/li>\n<li><span data-sheets-root=\"1\">Natural aesthetic with prominent wood grain<br \/>\n<\/span><\/li>\n<li><span data-sheets-root=\"1\">Suitable for professional use in hotels, beach bars, and hospitality venues<\/span><\/li>\n<\/ul>\n","protected":false},"excerpt":{"rendered":"<p><span data-sheets-root=\"1\">T-20 is a handmade table crafted from suar wood, designed for professional outdoor lounge set-ups. It is available in two practical dimensions (\u00d865\u00d745 and \u00d880\u00d745), allowing you to choose the right footprint depending on the seating arrangement and the flow of the space. The natural appearance of suar makes it ideal for hotels, beach bars, and outdoor seating areas with a warm, authentic character. <\/span><\/p>\n","protected":false},"featured_media":7063,"comment_status":"closed","ping_status":"closed","template":"","meta":{"_acf_changed":false},"product_brand":[],"product_cat":[368,460,471,456,433,459],"product_tag":[524],"class_list":{"0":"post-8475","1":"product","2":"type-product","3":"status-publish","4":"has-post-thumbnail","6":"product_cat-bean-bag","7":"product_cat-tables-lounge","8":"product_cat-bean-bag-lounge-tables","9":"product_cat-kathismata-lounge-tables","10":"product_cat-seating","11":"product_cat-tables","12":"product_tag-table","13":"pa_-65x45cm","14":"pa_-80x45cm","16":"first","17":"instock","18":"product-type-simple"},"acf":[],"yoast_head":"<!-- This site is optimized with the Yoast SEO plugin v27.4 - https:\/\/yoast.com\/product\/yoast-seo-wordpress\/ -->\n<title>Wooden Table T-20 | Lounge<\/title>\n<meta name=\"description\" content=\"T-20 Outdoor Wooden Table made of Indonesian suar wood, handmade. Available in \u00d865\u00d745 or \u00d880\u00d745, in a color of your choice, ideal for professional lounges in hotels and beach bars.\" \/>\n<meta name=\"robots\" content=\"index, follow, max-snippet:-1, max-image-preview:large, max-video-preview:-1\" \/>\n<link rel=\"canonical\" href=\"https:\/\/omprela.gr\/en\/product\/wooden-table-t-20\/\" \/>\n<meta property=\"og:locale\" content=\"en_US\" \/>\n<meta property=\"og:type\" content=\"article\" \/>\n<meta property=\"og:title\" content=\"Wooden Table T-20 | Lounge\" \/>\n<meta property=\"og:description\" content=\"T-20 Outdoor Wooden Table made of Indonesian suar wood, handmade. Available in \u00d865\u00d745 or \u00d880\u00d745, in a color of your choice, ideal for professional lounges in hotels and beach bars.\" \/>\n<meta property=\"og:url\" content=\"https:\/\/omprela.gr\/en\/product\/wooden-table-t-20\/\" \/>\n<meta property=\"og:site_name\" content=\"Omprela\" \/>\n<meta property=\"article:modified_time\" content=\"2026-02-17T00:56:04+00:00\" \/>\n<meta property=\"og:image\" content=\"https:\/\/omprela.gr\/wp-content\/uploads\/2025\/12\/39_Trapezaki-4-scaled-1.webp\" \/>\n\t<meta property=\"og:image:width\" content=\"2240\" \/>\n\t<meta property=\"og:image:height\" content=\"2560\" \/>\n\t<meta property=\"og:image:type\" content=\"image\/webp\" \/>\n<meta name=\"twitter:card\" content=\"summary_large_image\" \/>\n<meta name=\"twitter:label1\" content=\"Est. reading time\" \/>\n\t<meta name=\"twitter:data1\" content=\"1 minute\" \/>\n<script type=\"application\/ld+json\" class=\"yoast-schema-graph\">{\"@context\":\"https:\\\/\\\/schema.org\",\"@graph\":[{\"@type\":\"WebPage\",\"@id\":\"https:\\\/\\\/omprela.gr\\\/en\\\/product\\\/wooden-table-t-20\\\/\",\"url\":\"https:\\\/\\\/omprela.gr\\\/en\\\/product\\\/wooden-table-t-20\\\/\",\"name\":\"Wooden Table T-20 | Lounge\",\"isPartOf\":{\"@id\":\"https:\\\/\\\/omprela.gr\\\/#website\"},\"primaryImageOfPage\":{\"@id\":\"https:\\\/\\\/omprela.gr\\\/en\\\/product\\\/wooden-table-t-20\\\/#primaryimage\"},\"image\":{\"@id\":\"https:\\\/\\\/omprela.gr\\\/en\\\/product\\\/wooden-table-t-20\\\/#primaryimage\"},\"thumbnailUrl\":\"https:\\\/\\\/omprela.gr\\\/wp-content\\\/uploads\\\/2025\\\/12\\\/39_Trapezaki-4-scaled-1.webp\",\"datePublished\":\"2025-12-10T12:05:43+00:00\",\"dateModified\":\"2026-02-17T00:56:04+00:00\",\"description\":\"T-20 Outdoor Wooden Table made of Indonesian suar wood, handmade. Available in \u00d865\u00d745 or \u00d880\u00d745, in a color of your choice, ideal for professional lounges in hotels and beach bars.\",\"breadcrumb\":{\"@id\":\"https:\\\/\\\/omprela.gr\\\/en\\\/product\\\/wooden-table-t-20\\\/#breadcrumb\"},\"inLanguage\":\"en-US\",\"potentialAction\":[{\"@type\":\"ReadAction\",\"target\":[\"https:\\\/\\\/omprela.gr\\\/en\\\/product\\\/wooden-table-t-20\\\/\"]}]},{\"@type\":\"ImageObject\",\"inLanguage\":\"en-US\",\"@id\":\"https:\\\/\\\/omprela.gr\\\/en\\\/product\\\/wooden-table-t-20\\\/#primaryimage\",\"url\":\"https:\\\/\\\/omprela.gr\\\/wp-content\\\/uploads\\\/2025\\\/12\\\/39_Trapezaki-4-scaled-1.webp\",\"contentUrl\":\"https:\\\/\\\/omprela.gr\\\/wp-content\\\/uploads\\\/2025\\\/12\\\/39_Trapezaki-4-scaled-1.webp\",\"width\":2240,\"height\":2560,\"caption\":\"Wooden Table T-20\"},{\"@type\":\"BreadcrumbList\",\"@id\":\"https:\\\/\\\/omprela.gr\\\/en\\\/product\\\/wooden-table-t-20\\\/#breadcrumb\",\"itemListElement\":[{\"@type\":\"ListItem\",\"position\":1,\"name\":\"Home\",\"item\":\"https:\\\/\\\/omprela.gr\\\/en\\\/\"},{\"@type\":\"ListItem\",\"position\":2,\"name\":\"Shop\",\"item\":\"https:\\\/\\\/omprela.gr\\\/shop\\\/\"},{\"@type\":\"ListItem\",\"position\":3,\"name\":\"Wooden Table T-20\"}]},{\"@type\":\"WebSite\",\"@id\":\"https:\\\/\\\/omprela.gr\\\/#website\",\"url\":\"https:\\\/\\\/omprela.gr\\\/\",\"name\":\"Omprela\",\"description\":\"\u03a8\u03ac\u03b8\u03b9\u03bd\u03b5\u03c2 \u039f\u03bc\u03c0\u03c1\u03ad\u03bb\u03b5\u03c2 \u03a0\u03b1\u03c1\u03b1\u03bb\u03af\u03b1\u03c2 \\\/ \u0398\u03b1\u03bb\u03ac\u03c3\u03c3\u03b7\u03c2 \u0395\u03c0\u03b1\u03b3\u03b3\u03b5\u03bb\u03bc\u03b1\u03c4\u03b9\u03ba\u03ad\u03c2\",\"publisher\":{\"@id\":\"https:\\\/\\\/omprela.gr\\\/#organization\"},\"potentialAction\":[{\"@type\":\"SearchAction\",\"target\":{\"@type\":\"EntryPoint\",\"urlTemplate\":\"https:\\\/\\\/omprela.gr\\\/?s={search_term_string}\"},\"query-input\":{\"@type\":\"PropertyValueSpecification\",\"valueRequired\":true,\"valueName\":\"search_term_string\"}}],\"inLanguage\":\"en-US\"},{\"@type\":\"Organization\",\"@id\":\"https:\\\/\\\/omprela.gr\\\/#organization\",\"name\":\"Omprela\",\"url\":\"https:\\\/\\\/omprela.gr\\\/\",\"logo\":{\"@type\":\"ImageObject\",\"inLanguage\":\"en-US\",\"@id\":\"https:\\\/\\\/omprela.gr\\\/#\\\/schema\\\/logo\\\/image\\\/\",\"url\":\"https:\\\/\\\/omprela.gr\\\/wp-content\\\/uploads\\\/2025\\\/12\\\/omprela_logo.svg\",\"contentUrl\":\"https:\\\/\\\/omprela.gr\\\/wp-content\\\/uploads\\\/2025\\\/12\\\/omprela_logo.svg\",\"width\":279,\"height\":93,\"caption\":\"Omprela\"},\"image\":{\"@id\":\"https:\\\/\\\/omprela.gr\\\/#\\\/schema\\\/logo\\\/image\\\/\"}}]}<\/script>\n<!-- \/ Yoast SEO plugin. -->","yoast_head_json":{"title":"Wooden Table T-20 | Lounge","description":"T-20 Outdoor Wooden Table made of Indonesian suar wood, handmade. Available in \u00d865\u00d745 or \u00d880\u00d745, in a color of your choice, ideal for professional lounges in hotels and beach bars.","robots":{"index":"index","follow":"follow","max-snippet":"max-snippet:-1","max-image-preview":"max-image-preview:large","max-video-preview":"max-video-preview:-1"},"canonical":"https:\/\/omprela.gr\/en\/product\/wooden-table-t-20\/","og_locale":"en_US","og_type":"article","og_title":"Wooden Table T-20 | Lounge","og_description":"T-20 Outdoor Wooden Table made of Indonesian suar wood, handmade. Available in \u00d865\u00d745 or \u00d880\u00d745, in a color of your choice, ideal for professional lounges in hotels and beach bars.","og_url":"https:\/\/omprela.gr\/en\/product\/wooden-table-t-20\/","og_site_name":"Omprela","article_modified_time":"2026-02-17T00:56:04+00:00","og_image":[{"width":2240,"height":2560,"url":"https:\/\/omprela.gr\/wp-content\/uploads\/2025\/12\/39_Trapezaki-4-scaled-1.webp","type":"image\/webp"}],"twitter_card":"summary_large_image","twitter_misc":{"Est. reading time":"1 minute"},"schema":{"@context":"https:\/\/schema.org","@graph":[{"@type":"WebPage","@id":"https:\/\/omprela.gr\/en\/product\/wooden-table-t-20\/","url":"https:\/\/omprela.gr\/en\/product\/wooden-table-t-20\/","name":"Wooden Table T-20 | Lounge","isPartOf":{"@id":"https:\/\/omprela.gr\/#website"},"primaryImageOfPage":{"@id":"https:\/\/omprela.gr\/en\/product\/wooden-table-t-20\/#primaryimage"},"image":{"@id":"https:\/\/omprela.gr\/en\/product\/wooden-table-t-20\/#primaryimage"},"thumbnailUrl":"https:\/\/omprela.gr\/wp-content\/uploads\/2025\/12\/39_Trapezaki-4-scaled-1.webp","datePublished":"2025-12-10T12:05:43+00:00","dateModified":"2026-02-17T00:56:04+00:00","description":"T-20 Outdoor Wooden Table made of Indonesian suar wood, handmade. Available in \u00d865\u00d745 or \u00d880\u00d745, in a color of your choice, ideal for professional lounges in hotels and beach bars.","breadcrumb":{"@id":"https:\/\/omprela.gr\/en\/product\/wooden-table-t-20\/#breadcrumb"},"inLanguage":"en-US","potentialAction":[{"@type":"ReadAction","target":["https:\/\/omprela.gr\/en\/product\/wooden-table-t-20\/"]}]},{"@type":"ImageObject","inLanguage":"en-US","@id":"https:\/\/omprela.gr\/en\/product\/wooden-table-t-20\/#primaryimage","url":"https:\/\/omprela.gr\/wp-content\/uploads\/2025\/12\/39_Trapezaki-4-scaled-1.webp","contentUrl":"https:\/\/omprela.gr\/wp-content\/uploads\/2025\/12\/39_Trapezaki-4-scaled-1.webp","width":2240,"height":2560,"caption":"Wooden Table T-20"},{"@type":"BreadcrumbList","@id":"https:\/\/omprela.gr\/en\/product\/wooden-table-t-20\/#breadcrumb","itemListElement":[{"@type":"ListItem","position":1,"name":"Home","item":"https:\/\/omprela.gr\/en\/"},{"@type":"ListItem","position":2,"name":"Shop","item":"https:\/\/omprela.gr\/shop\/"},{"@type":"ListItem","position":3,"name":"Wooden Table T-20"}]},{"@type":"WebSite","@id":"https:\/\/omprela.gr\/#website","url":"https:\/\/omprela.gr\/","name":"Omprela","description":"\u03a8\u03ac\u03b8\u03b9\u03bd\u03b5\u03c2 \u039f\u03bc\u03c0\u03c1\u03ad\u03bb\u03b5\u03c2 \u03a0\u03b1\u03c1\u03b1\u03bb\u03af\u03b1\u03c2 \/ \u0398\u03b1\u03bb\u03ac\u03c3\u03c3\u03b7\u03c2 \u0395\u03c0\u03b1\u03b3\u03b3\u03b5\u03bb\u03bc\u03b1\u03c4\u03b9\u03ba\u03ad\u03c2","publisher":{"@id":"https:\/\/omprela.gr\/#organization"},"potentialAction":[{"@type":"SearchAction","target":{"@type":"EntryPoint","urlTemplate":"https:\/\/omprela.gr\/?s={search_term_string}"},"query-input":{"@type":"PropertyValueSpecification","valueRequired":true,"valueName":"search_term_string"}}],"inLanguage":"en-US"},{"@type":"Organization","@id":"https:\/\/omprela.gr\/#organization","name":"Omprela","url":"https:\/\/omprela.gr\/","logo":{"@type":"ImageObject","inLanguage":"en-US","@id":"https:\/\/omprela.gr\/#\/schema\/logo\/image\/","url":"https:\/\/omprela.gr\/wp-content\/uploads\/2025\/12\/omprela_logo.svg","contentUrl":"https:\/\/omprela.gr\/wp-content\/uploads\/2025\/12\/omprela_logo.svg","width":279,"height":93,"caption":"Omprela"},"image":{"@id":"https:\/\/omprela.gr\/#\/schema\/logo\/image\/"}}]}},"_links":{"self":[{"href":"https:\/\/omprela.gr\/en\/wp-json\/wp\/v2\/product\/8475","targetHints":{"allow":["GET"]}}],"collection":[{"href":"https:\/\/omprela.gr\/en\/wp-json\/wp\/v2\/product"}],"about":[{"href":"https:\/\/omprela.gr\/en\/wp-json\/wp\/v2\/types\/product"}],"replies":[{"embeddable":true,"href":"https:\/\/omprela.gr\/en\/wp-json\/wp\/v2\/comments?post=8475"}],"wp:featuredmedia":[{"embeddable":true,"href":"https:\/\/omprela.gr\/en\/wp-json\/wp\/v2\/media\/7063"}],"wp:attachment":[{"href":"https:\/\/omprela.gr\/en\/wp-json\/wp\/v2\/media?parent=8475"}],"wp:term":[{"taxonomy":"product_brand","embeddable":true,"href":"https:\/\/omprela.gr\/en\/wp-json\/wp\/v2\/product_brand?post=8475"},{"taxonomy":"product_cat","embeddable":true,"href":"https:\/\/omprela.gr\/en\/wp-json\/wp\/v2\/product_cat?post=8475"},{"taxonomy":"product_tag","embeddable":true,"href":"https:\/\/omprela.gr\/en\/wp-json\/wp\/v2\/product_tag?post=8475"}],"curies":[{"name":"wp","href":"https:\/\/api.w.org\/{rel}","templated":true}]}}