{"id":7568,"date":"2025-12-10T12:02:12","date_gmt":"2025-12-10T12:02:12","guid":{"rendered":"https:\/\/omprela.itsnotnow.gr\/product\/umbrella-base-with-paving-stones\/"},"modified":"2026-02-10T16:18:50","modified_gmt":"2026-02-10T16:18:50","slug":"umbrella-base-with-paving-stones","status":"publish","type":"product","link":"https:\/\/omprela.gr\/en\/product\/umbrella-base-with-paving-stones\/","title":{"rendered":"Umbrella Base with Paving Stones"},"content":{"rendered":"<ul>\n<li><span data-sheets-root=\"1\">Square Galvanized Umbrella Base with Paving Stones<br \/>\n<\/span><\/li>\n<li><span data-sheets-root=\"1\">Metal pipe for poles \u00d848 \/ \u00d860 \/ \u00d870 \/ \u00d880 \/ \u00d890 \/ \u00d8115mm<br \/>\n<\/span><\/li>\n<li><span data-sheets-root=\"1\">Dimensions: 70 x 70cm<br \/>\n<\/span><\/li>\n<li><span data-sheets-root=\"1\">Paving stones weighing 120 or 200 kg<br \/>\n<\/span><\/li>\n<li><span data-sheets-root=\"1\">Colors: available in various paint finishes.<\/span><\/li>\n<\/ul>\n","protected":false},"excerpt":{"rendered":"<p><span data-sheets-root=\"1\">The &#8220;adjustable&#8221; solution for when you want to experiment with weight depending on the location and layout. The metal frame provides structure and a clean fit, while the weight is provided by paving stones, which is particularly helpful on paved surfaces or decks.<br \/>\nFeatures a metal pipe for poles from \u00d848 up to \u00d8115mm, with a 70\u00d770cm frame. It accommodates paving stones of 120 or 200 kg and can be painted in various shades to blend with the space.<br \/>\n<\/span><\/p>\n","protected":false},"featured_media":7565,"comment_status":"closed","ping_status":"closed","template":"","meta":{"_acf_changed":false},"product_brand":[],"product_cat":[352,349],"product_tag":[],"class_list":{"0":"post-7568","1":"product","2":"type-product","3":"status-publish","4":"has-post-thumbnail","6":"product_cat-umbrella-bases","7":"product_cat-umbrellas","8":"pa_-70x70","10":"first","11":"instock","12":"product-type-simple"},"acf":[],"yoast_head":"<!-- This site is optimized with the Yoast SEO plugin v27.4 - https:\/\/yoast.com\/product\/yoast-seo-wordpress\/ -->\n<title>Umbrella Base with Paving Stones | omprela.gr<\/title>\n<meta name=\"description\" content=\"Umbrella Base with Paving Stones for adjustable weight 120-200 kg. Poles \u00d848-115mm, 70\u00d770cm frame, ideal for paved surfaces and decks.\" \/>\n<meta name=\"robots\" content=\"index, follow, max-snippet:-1, max-image-preview:large, max-video-preview:-1\" \/>\n<link rel=\"canonical\" href=\"https:\/\/omprela.gr\/en\/product\/umbrella-base-with-paving-stones\/\" \/>\n<meta property=\"og:locale\" content=\"en_US\" \/>\n<meta property=\"og:type\" content=\"article\" \/>\n<meta property=\"og:title\" content=\"Umbrella Base with Paving Stones | omprela.gr\" \/>\n<meta property=\"og:description\" content=\"Umbrella Base with Paving Stones for adjustable weight 120-200 kg. Poles \u00d848-115mm, 70\u00d770cm frame, ideal for paved surfaces and decks.\" \/>\n<meta property=\"og:url\" content=\"https:\/\/omprela.gr\/en\/product\/umbrella-base-with-paving-stones\/\" \/>\n<meta property=\"og:site_name\" content=\"Omprela\" \/>\n<meta property=\"article:modified_time\" content=\"2026-02-10T16:18:50+00:00\" \/>\n<meta property=\"og:image\" content=\"https:\/\/omprela.gr\/wp-content\/uploads\/2025\/12\/vasi-omprelas-me-kivolithous-metalliki.jpg\" \/>\n\t<meta property=\"og:image:width\" content=\"1400\" \/>\n\t<meta property=\"og:image:height\" content=\"1600\" \/>\n\t<meta property=\"og:image:type\" content=\"image\/jpeg\" \/>\n<meta name=\"twitter:card\" content=\"summary_large_image\" \/>\n<meta name=\"twitter:label1\" content=\"Est. reading time\" \/>\n\t<meta name=\"twitter:data1\" content=\"1 minute\" \/>\n<script type=\"application\/ld+json\" class=\"yoast-schema-graph\">{\"@context\":\"https:\\\/\\\/schema.org\",\"@graph\":[{\"@type\":\"WebPage\",\"@id\":\"https:\\\/\\\/omprela.gr\\\/en\\\/product\\\/umbrella-base-with-paving-stones\\\/\",\"url\":\"https:\\\/\\\/omprela.gr\\\/en\\\/product\\\/umbrella-base-with-paving-stones\\\/\",\"name\":\"Umbrella Base with Paving Stones | omprela.gr\",\"isPartOf\":{\"@id\":\"https:\\\/\\\/omprela.gr\\\/#website\"},\"primaryImageOfPage\":{\"@id\":\"https:\\\/\\\/omprela.gr\\\/en\\\/product\\\/umbrella-base-with-paving-stones\\\/#primaryimage\"},\"image\":{\"@id\":\"https:\\\/\\\/omprela.gr\\\/en\\\/product\\\/umbrella-base-with-paving-stones\\\/#primaryimage\"},\"thumbnailUrl\":\"https:\\\/\\\/omprela.gr\\\/wp-content\\\/uploads\\\/2025\\\/12\\\/vasi-omprelas-me-kivolithous-metalliki.jpg\",\"datePublished\":\"2025-12-10T12:02:12+00:00\",\"dateModified\":\"2026-02-10T16:18:50+00:00\",\"description\":\"Umbrella Base with Paving Stones for adjustable weight 120-200 kg. Poles \u00d848-115mm, 70\u00d770cm frame, ideal for paved surfaces and decks.\",\"breadcrumb\":{\"@id\":\"https:\\\/\\\/omprela.gr\\\/en\\\/product\\\/umbrella-base-with-paving-stones\\\/#breadcrumb\"},\"inLanguage\":\"en-US\",\"potentialAction\":[{\"@type\":\"ReadAction\",\"target\":[\"https:\\\/\\\/omprela.gr\\\/en\\\/product\\\/umbrella-base-with-paving-stones\\\/\"]}]},{\"@type\":\"ImageObject\",\"inLanguage\":\"en-US\",\"@id\":\"https:\\\/\\\/omprela.gr\\\/en\\\/product\\\/umbrella-base-with-paving-stones\\\/#primaryimage\",\"url\":\"https:\\\/\\\/omprela.gr\\\/wp-content\\\/uploads\\\/2025\\\/12\\\/vasi-omprelas-me-kivolithous-metalliki.jpg\",\"contentUrl\":\"https:\\\/\\\/omprela.gr\\\/wp-content\\\/uploads\\\/2025\\\/12\\\/vasi-omprelas-me-kivolithous-metalliki.jpg\",\"width\":1400,\"height\":1600,\"caption\":\"tetragoni vasi omprelas me kivolithous metalliki. dinatotita vafis se diafores apochrosis\"},{\"@type\":\"BreadcrumbList\",\"@id\":\"https:\\\/\\\/omprela.gr\\\/en\\\/product\\\/umbrella-base-with-paving-stones\\\/#breadcrumb\",\"itemListElement\":[{\"@type\":\"ListItem\",\"position\":1,\"name\":\"Home\",\"item\":\"https:\\\/\\\/omprela.gr\\\/en\\\/\"},{\"@type\":\"ListItem\",\"position\":2,\"name\":\"Shop\",\"item\":\"https:\\\/\\\/omprela.gr\\\/shop\\\/\"},{\"@type\":\"ListItem\",\"position\":3,\"name\":\"Umbrella Base with Paving Stones\"}]},{\"@type\":\"WebSite\",\"@id\":\"https:\\\/\\\/omprela.gr\\\/#website\",\"url\":\"https:\\\/\\\/omprela.gr\\\/\",\"name\":\"Omprela\",\"description\":\"\u03a8\u03ac\u03b8\u03b9\u03bd\u03b5\u03c2 \u039f\u03bc\u03c0\u03c1\u03ad\u03bb\u03b5\u03c2 \u03a0\u03b1\u03c1\u03b1\u03bb\u03af\u03b1\u03c2 \\\/ \u0398\u03b1\u03bb\u03ac\u03c3\u03c3\u03b7\u03c2 \u0395\u03c0\u03b1\u03b3\u03b3\u03b5\u03bb\u03bc\u03b1\u03c4\u03b9\u03ba\u03ad\u03c2\",\"publisher\":{\"@id\":\"https:\\\/\\\/omprela.gr\\\/#organization\"},\"potentialAction\":[{\"@type\":\"SearchAction\",\"target\":{\"@type\":\"EntryPoint\",\"urlTemplate\":\"https:\\\/\\\/omprela.gr\\\/?s={search_term_string}\"},\"query-input\":{\"@type\":\"PropertyValueSpecification\",\"valueRequired\":true,\"valueName\":\"search_term_string\"}}],\"inLanguage\":\"en-US\"},{\"@type\":\"Organization\",\"@id\":\"https:\\\/\\\/omprela.gr\\\/#organization\",\"name\":\"Omprela\",\"url\":\"https:\\\/\\\/omprela.gr\\\/\",\"logo\":{\"@type\":\"ImageObject\",\"inLanguage\":\"en-US\",\"@id\":\"https:\\\/\\\/omprela.gr\\\/#\\\/schema\\\/logo\\\/image\\\/\",\"url\":\"https:\\\/\\\/omprela.gr\\\/wp-content\\\/uploads\\\/2025\\\/12\\\/omprela_logo.svg\",\"contentUrl\":\"https:\\\/\\\/omprela.gr\\\/wp-content\\\/uploads\\\/2025\\\/12\\\/omprela_logo.svg\",\"width\":279,\"height\":93,\"caption\":\"Omprela\"},\"image\":{\"@id\":\"https:\\\/\\\/omprela.gr\\\/#\\\/schema\\\/logo\\\/image\\\/\"}}]}<\/script>\n<!-- \/ Yoast SEO plugin. -->","yoast_head_json":{"title":"Umbrella Base with Paving Stones | omprela.gr","description":"Umbrella Base with Paving Stones for adjustable weight 120-200 kg. Poles \u00d848-115mm, 70\u00d770cm frame, ideal for paved surfaces and decks.","robots":{"index":"index","follow":"follow","max-snippet":"max-snippet:-1","max-image-preview":"max-image-preview:large","max-video-preview":"max-video-preview:-1"},"canonical":"https:\/\/omprela.gr\/en\/product\/umbrella-base-with-paving-stones\/","og_locale":"en_US","og_type":"article","og_title":"Umbrella Base with Paving Stones | omprela.gr","og_description":"Umbrella Base with Paving Stones for adjustable weight 120-200 kg. Poles \u00d848-115mm, 70\u00d770cm frame, ideal for paved surfaces and decks.","og_url":"https:\/\/omprela.gr\/en\/product\/umbrella-base-with-paving-stones\/","og_site_name":"Omprela","article_modified_time":"2026-02-10T16:18:50+00:00","og_image":[{"width":1400,"height":1600,"url":"https:\/\/omprela.gr\/wp-content\/uploads\/2025\/12\/vasi-omprelas-me-kivolithous-metalliki.jpg","type":"image\/jpeg"}],"twitter_card":"summary_large_image","twitter_misc":{"Est. reading time":"1 minute"},"schema":{"@context":"https:\/\/schema.org","@graph":[{"@type":"WebPage","@id":"https:\/\/omprela.gr\/en\/product\/umbrella-base-with-paving-stones\/","url":"https:\/\/omprela.gr\/en\/product\/umbrella-base-with-paving-stones\/","name":"Umbrella Base with Paving Stones | omprela.gr","isPartOf":{"@id":"https:\/\/omprela.gr\/#website"},"primaryImageOfPage":{"@id":"https:\/\/omprela.gr\/en\/product\/umbrella-base-with-paving-stones\/#primaryimage"},"image":{"@id":"https:\/\/omprela.gr\/en\/product\/umbrella-base-with-paving-stones\/#primaryimage"},"thumbnailUrl":"https:\/\/omprela.gr\/wp-content\/uploads\/2025\/12\/vasi-omprelas-me-kivolithous-metalliki.jpg","datePublished":"2025-12-10T12:02:12+00:00","dateModified":"2026-02-10T16:18:50+00:00","description":"Umbrella Base with Paving Stones for adjustable weight 120-200 kg. Poles \u00d848-115mm, 70\u00d770cm frame, ideal for paved surfaces and decks.","breadcrumb":{"@id":"https:\/\/omprela.gr\/en\/product\/umbrella-base-with-paving-stones\/#breadcrumb"},"inLanguage":"en-US","potentialAction":[{"@type":"ReadAction","target":["https:\/\/omprela.gr\/en\/product\/umbrella-base-with-paving-stones\/"]}]},{"@type":"ImageObject","inLanguage":"en-US","@id":"https:\/\/omprela.gr\/en\/product\/umbrella-base-with-paving-stones\/#primaryimage","url":"https:\/\/omprela.gr\/wp-content\/uploads\/2025\/12\/vasi-omprelas-me-kivolithous-metalliki.jpg","contentUrl":"https:\/\/omprela.gr\/wp-content\/uploads\/2025\/12\/vasi-omprelas-me-kivolithous-metalliki.jpg","width":1400,"height":1600,"caption":"tetragoni vasi omprelas me kivolithous metalliki. dinatotita vafis se diafores apochrosis"},{"@type":"BreadcrumbList","@id":"https:\/\/omprela.gr\/en\/product\/umbrella-base-with-paving-stones\/#breadcrumb","itemListElement":[{"@type":"ListItem","position":1,"name":"Home","item":"https:\/\/omprela.gr\/en\/"},{"@type":"ListItem","position":2,"name":"Shop","item":"https:\/\/omprela.gr\/shop\/"},{"@type":"ListItem","position":3,"name":"Umbrella Base with Paving Stones"}]},{"@type":"WebSite","@id":"https:\/\/omprela.gr\/#website","url":"https:\/\/omprela.gr\/","name":"Omprela","description":"\u03a8\u03ac\u03b8\u03b9\u03bd\u03b5\u03c2 \u039f\u03bc\u03c0\u03c1\u03ad\u03bb\u03b5\u03c2 \u03a0\u03b1\u03c1\u03b1\u03bb\u03af\u03b1\u03c2 \/ \u0398\u03b1\u03bb\u03ac\u03c3\u03c3\u03b7\u03c2 \u0395\u03c0\u03b1\u03b3\u03b3\u03b5\u03bb\u03bc\u03b1\u03c4\u03b9\u03ba\u03ad\u03c2","publisher":{"@id":"https:\/\/omprela.gr\/#organization"},"potentialAction":[{"@type":"SearchAction","target":{"@type":"EntryPoint","urlTemplate":"https:\/\/omprela.gr\/?s={search_term_string}"},"query-input":{"@type":"PropertyValueSpecification","valueRequired":true,"valueName":"search_term_string"}}],"inLanguage":"en-US"},{"@type":"Organization","@id":"https:\/\/omprela.gr\/#organization","name":"Omprela","url":"https:\/\/omprela.gr\/","logo":{"@type":"ImageObject","inLanguage":"en-US","@id":"https:\/\/omprela.gr\/#\/schema\/logo\/image\/","url":"https:\/\/omprela.gr\/wp-content\/uploads\/2025\/12\/omprela_logo.svg","contentUrl":"https:\/\/omprela.gr\/wp-content\/uploads\/2025\/12\/omprela_logo.svg","width":279,"height":93,"caption":"Omprela"},"image":{"@id":"https:\/\/omprela.gr\/#\/schema\/logo\/image\/"}}]}},"_links":{"self":[{"href":"https:\/\/omprela.gr\/en\/wp-json\/wp\/v2\/product\/7568","targetHints":{"allow":["GET"]}}],"collection":[{"href":"https:\/\/omprela.gr\/en\/wp-json\/wp\/v2\/product"}],"about":[{"href":"https:\/\/omprela.gr\/en\/wp-json\/wp\/v2\/types\/product"}],"replies":[{"embeddable":true,"href":"https:\/\/omprela.gr\/en\/wp-json\/wp\/v2\/comments?post=7568"}],"wp:featuredmedia":[{"embeddable":true,"href":"https:\/\/omprela.gr\/en\/wp-json\/wp\/v2\/media\/7565"}],"wp:attachment":[{"href":"https:\/\/omprela.gr\/en\/wp-json\/wp\/v2\/media?parent=7568"}],"wp:term":[{"taxonomy":"product_brand","embeddable":true,"href":"https:\/\/omprela.gr\/en\/wp-json\/wp\/v2\/product_brand?post=7568"},{"taxonomy":"product_cat","embeddable":true,"href":"https:\/\/omprela.gr\/en\/wp-json\/wp\/v2\/product_cat?post=7568"},{"taxonomy":"product_tag","embeddable":true,"href":"https:\/\/omprela.gr\/en\/wp-json\/wp\/v2\/product_tag?post=7568"}],"curies":[{"name":"wp","href":"https:\/\/api.w.org\/{rel}","templated":true}]}}