{"id":6781,"date":"2025-12-10T12:07:18","date_gmt":"2025-12-10T12:07:18","guid":{"rendered":"https:\/\/omprela.itsnotnow.gr\/product\/premium-square-wooden-umbrella-2-30-x-2-30-m-with-mocca-acrylic-canopy\/"},"modified":"2026-02-07T23:25:16","modified_gmt":"2026-02-07T23:25:16","slug":"premium-square-wooden-umbrella-2-30-x-2-30-m-with-mocca-acrylic-canopy","status":"publish","type":"product","link":"https:\/\/omprela.gr\/en\/product\/premium-square-wooden-umbrella-2-30-x-2-30-m-with-mocca-acrylic-canopy\/","title":{"rendered":"Premium square wooden umbrella 2.30 x 2.30 m with mocca acrylic canopy"},"content":{"rendered":"<ul>\n<li>Wooden pole made of durable heavy-duty beech wood!<\/li>\n<li>Single-piece pole \u00d848 X 2.6m<\/li>\n<li><strong>8 ribs 45 x 20 mm<\/strong><\/li>\n<li>280 gr\/m2 waterproof acrylic fabric with UV protection and PU coating<\/li>\n<li><strong>With reinforced aluminum hub<\/strong><\/li>\n<li>Rib connection with stainless steel components<\/li>\n<li>With a protective aluminum sleeve at the end of each rib that helps prevent wear and ensures a more secure fit for the umbrella canopy<\/li>\n<li>Fitting the umbrella canopy to the rib with a stainless steel screw and washer, reinforced with leather tips for more secure fastening to the ribs<\/li>\n<li>Opening and closing with double pulley and stainless steel stop with 3 tilting levels<\/li>\n<li>Safety screws and nuts for connecting the ribs to each other<\/li>\n<li>With an air vent for wind release.<\/li>\n<li>Easy replacement of the umbrella canopy<\/li>\n<li>Dimensions: 2.30 x 2.30m<\/li>\n<\/ul>\n","protected":false},"excerpt":{"rendered":"<p><span data-sheets-root=\"1\">The Premium square umbrella in mocha shade has a &#8220;bolder&#8221; presence and visible care in the details, without being pretentious. The \u00d848 beechwood pole and 8 ribs (45\u00d720mm) elevate the level of sturdiness, giving the sense of a construction intended for demanding use. <\/span><\/p>\n<p><span data-sheets-root=\"1\">The umbrella canopy is made of 280gr\/m\u00b2 acrylic with PU coating, waterproofing, and UV protection, designed for easy replacement. Key features include protective aluminum sleeves at the rib ends, stainless steel screws\/washers with leather-reinforced tips, and a reinforced aluminum hub with stainless steel connections.<br \/>\n<\/span><\/p>\n","protected":false},"featured_media":6780,"comment_status":"closed","ping_status":"closed","template":"","meta":{"_acf_changed":false},"product_brand":[],"product_cat":[349,472],"product_tag":[],"class_list":{"0":"post-6781","1":"product","2":"type-product","3":"status-publish","4":"has-post-thumbnail","6":"product_cat-umbrellas","7":"product_cat-umbrellas-wooden","8":"pa_-2-30x2-30m","10":"first","11":"instock","12":"product-type-simple"},"acf":[],"yoast_head":"<!-- This site is optimized with the Yoast SEO plugin v27.4 - https:\/\/yoast.com\/product\/yoast-seo-wordpress\/ -->\n<title>Square Wooden Umbrella 2.30x2.30m Mocca | Premium<\/title>\n<meta name=\"description\" content=\"Premium Wooden Umbrella 2.30\u00d72.30m Mocha with emphasis on detail, \u00d848 beechwood pole, 45\u00d720mm ribs and 280gr UV acrylic fabric. See more.\" \/>\n<meta name=\"robots\" content=\"index, follow, max-snippet:-1, max-image-preview:large, max-video-preview:-1\" \/>\n<link rel=\"canonical\" href=\"https:\/\/omprela.gr\/en\/product\/premium-square-wooden-umbrella-2-30-x-2-30-m-with-mocca-acrylic-canopy\/\" \/>\n<meta property=\"og:locale\" content=\"en_US\" \/>\n<meta property=\"og:type\" content=\"article\" \/>\n<meta property=\"og:title\" content=\"Square Wooden Umbrella 2.30x2.30m Mocca | Premium\" \/>\n<meta property=\"og:description\" content=\"Premium Wooden Umbrella 2.30\u00d72.30m Mocha with emphasis on detail, \u00d848 beechwood pole, 45\u00d720mm ribs and 280gr UV acrylic fabric. See more.\" \/>\n<meta property=\"og:url\" content=\"https:\/\/omprela.gr\/en\/product\/premium-square-wooden-umbrella-2-30-x-2-30-m-with-mocca-acrylic-canopy\/\" \/>\n<meta property=\"og:site_name\" content=\"Omprela\" \/>\n<meta property=\"article:modified_time\" content=\"2026-02-07T23:25:16+00:00\" \/>\n<meta property=\"og:image\" content=\"https:\/\/omprela.gr\/wp-content\/uploads\/2025\/12\/\u039f\u03bc\u03c0\u03c1\u03ad\u03bb\u03b1-\u03be\u03cd\u03bb\u03b9\u03bd\u03b7-Premium-2.30-\u03a7-2.30m-\u03bc\u03b5-\u03b1\u03ba\u03c1\u03c5\u03bb\u03b9\u03ba\u03cc-\u03cd\u03c6\u03b1\u03c3\u03bc\u03b1-\u039c\u03cc\u03ba\u03b1-1-scaled-1.webp\" \/>\n\t<meta property=\"og:image:width\" content=\"2240\" \/>\n\t<meta property=\"og:image:height\" content=\"2560\" \/>\n\t<meta property=\"og:image:type\" content=\"image\/webp\" \/>\n<meta name=\"twitter:card\" content=\"summary_large_image\" \/>\n<meta name=\"twitter:label1\" content=\"Est. reading time\" \/>\n\t<meta name=\"twitter:data1\" content=\"1 minute\" \/>\n<script type=\"application\/ld+json\" class=\"yoast-schema-graph\">{\"@context\":\"https:\\\/\\\/schema.org\",\"@graph\":[{\"@type\":\"WebPage\",\"@id\":\"https:\\\/\\\/omprela.gr\\\/en\\\/product\\\/premium-square-wooden-umbrella-2-30-x-2-30-m-with-mocca-acrylic-canopy\\\/\",\"url\":\"https:\\\/\\\/omprela.gr\\\/en\\\/product\\\/premium-square-wooden-umbrella-2-30-x-2-30-m-with-mocca-acrylic-canopy\\\/\",\"name\":\"Square Wooden Umbrella 2.30x2.30m Mocca | Premium\",\"isPartOf\":{\"@id\":\"https:\\\/\\\/omprela.gr\\\/#website\"},\"primaryImageOfPage\":{\"@id\":\"https:\\\/\\\/omprela.gr\\\/en\\\/product\\\/premium-square-wooden-umbrella-2-30-x-2-30-m-with-mocca-acrylic-canopy\\\/#primaryimage\"},\"image\":{\"@id\":\"https:\\\/\\\/omprela.gr\\\/en\\\/product\\\/premium-square-wooden-umbrella-2-30-x-2-30-m-with-mocca-acrylic-canopy\\\/#primaryimage\"},\"thumbnailUrl\":\"https:\\\/\\\/omprela.gr\\\/wp-content\\\/uploads\\\/2025\\\/12\\\/\u039f\u03bc\u03c0\u03c1\u03ad\u03bb\u03b1-\u03be\u03cd\u03bb\u03b9\u03bd\u03b7-Premium-2.30-\u03a7-2.30m-\u03bc\u03b5-\u03b1\u03ba\u03c1\u03c5\u03bb\u03b9\u03ba\u03cc-\u03cd\u03c6\u03b1\u03c3\u03bc\u03b1-\u039c\u03cc\u03ba\u03b1-1-scaled-1.webp\",\"datePublished\":\"2025-12-10T12:07:18+00:00\",\"dateModified\":\"2026-02-07T23:25:16+00:00\",\"description\":\"Premium Wooden Umbrella 2.30\u00d72.30m Mocha with emphasis on detail, \u00d848 beechwood pole, 45\u00d720mm ribs and 280gr UV acrylic fabric. See more.\",\"breadcrumb\":{\"@id\":\"https:\\\/\\\/omprela.gr\\\/en\\\/product\\\/premium-square-wooden-umbrella-2-30-x-2-30-m-with-mocca-acrylic-canopy\\\/#breadcrumb\"},\"inLanguage\":\"en-US\",\"potentialAction\":[{\"@type\":\"ReadAction\",\"target\":[\"https:\\\/\\\/omprela.gr\\\/en\\\/product\\\/premium-square-wooden-umbrella-2-30-x-2-30-m-with-mocca-acrylic-canopy\\\/\"]}]},{\"@type\":\"ImageObject\",\"inLanguage\":\"en-US\",\"@id\":\"https:\\\/\\\/omprela.gr\\\/en\\\/product\\\/premium-square-wooden-umbrella-2-30-x-2-30-m-with-mocca-acrylic-canopy\\\/#primaryimage\",\"url\":\"https:\\\/\\\/omprela.gr\\\/wp-content\\\/uploads\\\/2025\\\/12\\\/\u039f\u03bc\u03c0\u03c1\u03ad\u03bb\u03b1-\u03be\u03cd\u03bb\u03b9\u03bd\u03b7-Premium-2.30-\u03a7-2.30m-\u03bc\u03b5-\u03b1\u03ba\u03c1\u03c5\u03bb\u03b9\u03ba\u03cc-\u03cd\u03c6\u03b1\u03c3\u03bc\u03b1-\u039c\u03cc\u03ba\u03b1-1-scaled-1.webp\",\"contentUrl\":\"https:\\\/\\\/omprela.gr\\\/wp-content\\\/uploads\\\/2025\\\/12\\\/\u039f\u03bc\u03c0\u03c1\u03ad\u03bb\u03b1-\u03be\u03cd\u03bb\u03b9\u03bd\u03b7-Premium-2.30-\u03a7-2.30m-\u03bc\u03b5-\u03b1\u03ba\u03c1\u03c5\u03bb\u03b9\u03ba\u03cc-\u03cd\u03c6\u03b1\u03c3\u03bc\u03b1-\u039c\u03cc\u03ba\u03b1-1-scaled-1.webp\",\"width\":2240,\"height\":2560,\"caption\":\"Premium square wooden umbrella 2.30 x 2.30 m with mocca acrylic canopy\"},{\"@type\":\"BreadcrumbList\",\"@id\":\"https:\\\/\\\/omprela.gr\\\/en\\\/product\\\/premium-square-wooden-umbrella-2-30-x-2-30-m-with-mocca-acrylic-canopy\\\/#breadcrumb\",\"itemListElement\":[{\"@type\":\"ListItem\",\"position\":1,\"name\":\"Home\",\"item\":\"https:\\\/\\\/omprela.gr\\\/en\\\/\"},{\"@type\":\"ListItem\",\"position\":2,\"name\":\"Shop\",\"item\":\"https:\\\/\\\/omprela.gr\\\/shop\\\/\"},{\"@type\":\"ListItem\",\"position\":3,\"name\":\"Premium square wooden umbrella 2.30 x 2.30 m with mocca acrylic canopy\"}]},{\"@type\":\"WebSite\",\"@id\":\"https:\\\/\\\/omprela.gr\\\/#website\",\"url\":\"https:\\\/\\\/omprela.gr\\\/\",\"name\":\"Omprela\",\"description\":\"\u03a8\u03ac\u03b8\u03b9\u03bd\u03b5\u03c2 \u039f\u03bc\u03c0\u03c1\u03ad\u03bb\u03b5\u03c2 \u03a0\u03b1\u03c1\u03b1\u03bb\u03af\u03b1\u03c2 \\\/ \u0398\u03b1\u03bb\u03ac\u03c3\u03c3\u03b7\u03c2 \u0395\u03c0\u03b1\u03b3\u03b3\u03b5\u03bb\u03bc\u03b1\u03c4\u03b9\u03ba\u03ad\u03c2\",\"publisher\":{\"@id\":\"https:\\\/\\\/omprela.gr\\\/#organization\"},\"potentialAction\":[{\"@type\":\"SearchAction\",\"target\":{\"@type\":\"EntryPoint\",\"urlTemplate\":\"https:\\\/\\\/omprela.gr\\\/?s={search_term_string}\"},\"query-input\":{\"@type\":\"PropertyValueSpecification\",\"valueRequired\":true,\"valueName\":\"search_term_string\"}}],\"inLanguage\":\"en-US\"},{\"@type\":\"Organization\",\"@id\":\"https:\\\/\\\/omprela.gr\\\/#organization\",\"name\":\"Omprela\",\"url\":\"https:\\\/\\\/omprela.gr\\\/\",\"logo\":{\"@type\":\"ImageObject\",\"inLanguage\":\"en-US\",\"@id\":\"https:\\\/\\\/omprela.gr\\\/#\\\/schema\\\/logo\\\/image\\\/\",\"url\":\"https:\\\/\\\/omprela.gr\\\/wp-content\\\/uploads\\\/2025\\\/12\\\/omprela_logo.svg\",\"contentUrl\":\"https:\\\/\\\/omprela.gr\\\/wp-content\\\/uploads\\\/2025\\\/12\\\/omprela_logo.svg\",\"width\":279,\"height\":93,\"caption\":\"Omprela\"},\"image\":{\"@id\":\"https:\\\/\\\/omprela.gr\\\/#\\\/schema\\\/logo\\\/image\\\/\"}}]}<\/script>\n<!-- \/ Yoast SEO plugin. -->","yoast_head_json":{"title":"Square Wooden Umbrella 2.30x2.30m Mocca | Premium","description":"Premium Wooden Umbrella 2.30\u00d72.30m Mocha with emphasis on detail, \u00d848 beechwood pole, 45\u00d720mm ribs and 280gr UV acrylic fabric. See more.","robots":{"index":"index","follow":"follow","max-snippet":"max-snippet:-1","max-image-preview":"max-image-preview:large","max-video-preview":"max-video-preview:-1"},"canonical":"https:\/\/omprela.gr\/en\/product\/premium-square-wooden-umbrella-2-30-x-2-30-m-with-mocca-acrylic-canopy\/","og_locale":"en_US","og_type":"article","og_title":"Square Wooden Umbrella 2.30x2.30m Mocca | Premium","og_description":"Premium Wooden Umbrella 2.30\u00d72.30m Mocha with emphasis on detail, \u00d848 beechwood pole, 45\u00d720mm ribs and 280gr UV acrylic fabric. See more.","og_url":"https:\/\/omprela.gr\/en\/product\/premium-square-wooden-umbrella-2-30-x-2-30-m-with-mocca-acrylic-canopy\/","og_site_name":"Omprela","article_modified_time":"2026-02-07T23:25:16+00:00","og_image":[{"width":2240,"height":2560,"url":"https:\/\/omprela.gr\/wp-content\/uploads\/2025\/12\/\u039f\u03bc\u03c0\u03c1\u03ad\u03bb\u03b1-\u03be\u03cd\u03bb\u03b9\u03bd\u03b7-Premium-2.30-\u03a7-2.30m-\u03bc\u03b5-\u03b1\u03ba\u03c1\u03c5\u03bb\u03b9\u03ba\u03cc-\u03cd\u03c6\u03b1\u03c3\u03bc\u03b1-\u039c\u03cc\u03ba\u03b1-1-scaled-1.webp","type":"image\/webp"}],"twitter_card":"summary_large_image","twitter_misc":{"Est. reading time":"1 minute"},"schema":{"@context":"https:\/\/schema.org","@graph":[{"@type":"WebPage","@id":"https:\/\/omprela.gr\/en\/product\/premium-square-wooden-umbrella-2-30-x-2-30-m-with-mocca-acrylic-canopy\/","url":"https:\/\/omprela.gr\/en\/product\/premium-square-wooden-umbrella-2-30-x-2-30-m-with-mocca-acrylic-canopy\/","name":"Square Wooden Umbrella 2.30x2.30m Mocca | Premium","isPartOf":{"@id":"https:\/\/omprela.gr\/#website"},"primaryImageOfPage":{"@id":"https:\/\/omprela.gr\/en\/product\/premium-square-wooden-umbrella-2-30-x-2-30-m-with-mocca-acrylic-canopy\/#primaryimage"},"image":{"@id":"https:\/\/omprela.gr\/en\/product\/premium-square-wooden-umbrella-2-30-x-2-30-m-with-mocca-acrylic-canopy\/#primaryimage"},"thumbnailUrl":"https:\/\/omprela.gr\/wp-content\/uploads\/2025\/12\/\u039f\u03bc\u03c0\u03c1\u03ad\u03bb\u03b1-\u03be\u03cd\u03bb\u03b9\u03bd\u03b7-Premium-2.30-\u03a7-2.30m-\u03bc\u03b5-\u03b1\u03ba\u03c1\u03c5\u03bb\u03b9\u03ba\u03cc-\u03cd\u03c6\u03b1\u03c3\u03bc\u03b1-\u039c\u03cc\u03ba\u03b1-1-scaled-1.webp","datePublished":"2025-12-10T12:07:18+00:00","dateModified":"2026-02-07T23:25:16+00:00","description":"Premium Wooden Umbrella 2.30\u00d72.30m Mocha with emphasis on detail, \u00d848 beechwood pole, 45\u00d720mm ribs and 280gr UV acrylic fabric. See more.","breadcrumb":{"@id":"https:\/\/omprela.gr\/en\/product\/premium-square-wooden-umbrella-2-30-x-2-30-m-with-mocca-acrylic-canopy\/#breadcrumb"},"inLanguage":"en-US","potentialAction":[{"@type":"ReadAction","target":["https:\/\/omprela.gr\/en\/product\/premium-square-wooden-umbrella-2-30-x-2-30-m-with-mocca-acrylic-canopy\/"]}]},{"@type":"ImageObject","inLanguage":"en-US","@id":"https:\/\/omprela.gr\/en\/product\/premium-square-wooden-umbrella-2-30-x-2-30-m-with-mocca-acrylic-canopy\/#primaryimage","url":"https:\/\/omprela.gr\/wp-content\/uploads\/2025\/12\/\u039f\u03bc\u03c0\u03c1\u03ad\u03bb\u03b1-\u03be\u03cd\u03bb\u03b9\u03bd\u03b7-Premium-2.30-\u03a7-2.30m-\u03bc\u03b5-\u03b1\u03ba\u03c1\u03c5\u03bb\u03b9\u03ba\u03cc-\u03cd\u03c6\u03b1\u03c3\u03bc\u03b1-\u039c\u03cc\u03ba\u03b1-1-scaled-1.webp","contentUrl":"https:\/\/omprela.gr\/wp-content\/uploads\/2025\/12\/\u039f\u03bc\u03c0\u03c1\u03ad\u03bb\u03b1-\u03be\u03cd\u03bb\u03b9\u03bd\u03b7-Premium-2.30-\u03a7-2.30m-\u03bc\u03b5-\u03b1\u03ba\u03c1\u03c5\u03bb\u03b9\u03ba\u03cc-\u03cd\u03c6\u03b1\u03c3\u03bc\u03b1-\u039c\u03cc\u03ba\u03b1-1-scaled-1.webp","width":2240,"height":2560,"caption":"Premium square wooden umbrella 2.30 x 2.30 m with mocca acrylic canopy"},{"@type":"BreadcrumbList","@id":"https:\/\/omprela.gr\/en\/product\/premium-square-wooden-umbrella-2-30-x-2-30-m-with-mocca-acrylic-canopy\/#breadcrumb","itemListElement":[{"@type":"ListItem","position":1,"name":"Home","item":"https:\/\/omprela.gr\/en\/"},{"@type":"ListItem","position":2,"name":"Shop","item":"https:\/\/omprela.gr\/shop\/"},{"@type":"ListItem","position":3,"name":"Premium square wooden umbrella 2.30 x 2.30 m with mocca acrylic canopy"}]},{"@type":"WebSite","@id":"https:\/\/omprela.gr\/#website","url":"https:\/\/omprela.gr\/","name":"Omprela","description":"\u03a8\u03ac\u03b8\u03b9\u03bd\u03b5\u03c2 \u039f\u03bc\u03c0\u03c1\u03ad\u03bb\u03b5\u03c2 \u03a0\u03b1\u03c1\u03b1\u03bb\u03af\u03b1\u03c2 \/ \u0398\u03b1\u03bb\u03ac\u03c3\u03c3\u03b7\u03c2 \u0395\u03c0\u03b1\u03b3\u03b3\u03b5\u03bb\u03bc\u03b1\u03c4\u03b9\u03ba\u03ad\u03c2","publisher":{"@id":"https:\/\/omprela.gr\/#organization"},"potentialAction":[{"@type":"SearchAction","target":{"@type":"EntryPoint","urlTemplate":"https:\/\/omprela.gr\/?s={search_term_string}"},"query-input":{"@type":"PropertyValueSpecification","valueRequired":true,"valueName":"search_term_string"}}],"inLanguage":"en-US"},{"@type":"Organization","@id":"https:\/\/omprela.gr\/#organization","name":"Omprela","url":"https:\/\/omprela.gr\/","logo":{"@type":"ImageObject","inLanguage":"en-US","@id":"https:\/\/omprela.gr\/#\/schema\/logo\/image\/","url":"https:\/\/omprela.gr\/wp-content\/uploads\/2025\/12\/omprela_logo.svg","contentUrl":"https:\/\/omprela.gr\/wp-content\/uploads\/2025\/12\/omprela_logo.svg","width":279,"height":93,"caption":"Omprela"},"image":{"@id":"https:\/\/omprela.gr\/#\/schema\/logo\/image\/"}}]}},"_links":{"self":[{"href":"https:\/\/omprela.gr\/en\/wp-json\/wp\/v2\/product\/6781","targetHints":{"allow":["GET"]}}],"collection":[{"href":"https:\/\/omprela.gr\/en\/wp-json\/wp\/v2\/product"}],"about":[{"href":"https:\/\/omprela.gr\/en\/wp-json\/wp\/v2\/types\/product"}],"replies":[{"embeddable":true,"href":"https:\/\/omprela.gr\/en\/wp-json\/wp\/v2\/comments?post=6781"}],"wp:featuredmedia":[{"embeddable":true,"href":"https:\/\/omprela.gr\/en\/wp-json\/wp\/v2\/media\/6780"}],"wp:attachment":[{"href":"https:\/\/omprela.gr\/en\/wp-json\/wp\/v2\/media?parent=6781"}],"wp:term":[{"taxonomy":"product_brand","embeddable":true,"href":"https:\/\/omprela.gr\/en\/wp-json\/wp\/v2\/product_brand?post=6781"},{"taxonomy":"product_cat","embeddable":true,"href":"https:\/\/omprela.gr\/en\/wp-json\/wp\/v2\/product_cat?post=6781"},{"taxonomy":"product_tag","embeddable":true,"href":"https:\/\/omprela.gr\/en\/wp-json\/wp\/v2\/product_tag?post=6781"}],"curies":[{"name":"wp","href":"https:\/\/api.w.org\/{rel}","templated":true}]}}