{"id":6757,"date":"2025-12-10T12:06:17","date_gmt":"2025-12-10T12:06:17","guid":{"rendered":"https:\/\/omprela.itsnotnow.gr\/product\/wooden-umbrella-o-3-40-m-with-acrylic-canopy\/"},"modified":"2026-02-07T23:05:05","modified_gmt":"2026-02-07T23:05:05","slug":"wooden-umbrella-o-3-40-m-with-acrylic-canopy","status":"publish","type":"product","link":"https:\/\/omprela.gr\/en\/product\/wooden-umbrella-o-3-40-m-with-acrylic-canopy\/","title":{"rendered":"Wooden umbrella \u00d8 3.40 m with acrylic canopy"},"content":{"rendered":"<ul>\n<li>Wooden pole made of durable heavy-duty kiln-dried beech wood!<\/li>\n<li>Single-piece pole \u00d848 X 2.6m<\/li>\n<li>8 ribs 44 X 19 mm<\/li>\n<li>With waterproof Sattler acrylic fabric, 290g\/m2, in the shade of your choice<\/li>\n<li>With stainless steel pulleys and 5mm rope for opening and closing the umbrella and 3 stop levels.<\/li>\n<li>Security tie-down and fabric retention with snap fasteners<\/li>\n<li>Screws at the end &amp; velcro in the middle of the rib.<\/li>\n<li>With stainless steel nuts and stainless steel screws<\/li>\n<li>Diameter: \u00d8 3.40m<\/li>\n<\/ul>\n","protected":false},"excerpt":{"rendered":"<p><span data-sheets-root=\"1\">The \u00d83.40m is the category that fills a space and must look completely professional \u2014 and here, that is evident from the first glance. The heavy-duty kiln-dried beech pole (\u00d848) and the 8 ribs (44\u00d719mm) give the feeling of a large construction with proper engineering. <\/span><\/p>\n<p><span data-sheets-root=\"1\">The umbrella canopy is 290gr\/m\u00b2 Sattler acrylic, with a choice of shade, while the opening system operates with stainless steel pulleys and 5mm rope. Details such as velcro in the middle of the rib, screws at the end, security tie-down\/snap fasteners, and stainless steel nuts show that the product is designed with durability in mind.<br \/>\n<\/span><\/p>\n","protected":false},"featured_media":6749,"comment_status":"closed","ping_status":"closed","template":"","meta":{"_acf_changed":false},"product_brand":[],"product_cat":[349,472],"product_tag":[],"class_list":{"0":"post-6757","1":"product","2":"type-product","3":"status-publish","4":"has-post-thumbnail","6":"product_cat-umbrellas","7":"product_cat-umbrellas-wooden","8":"pa_-494","10":"first","11":"instock","12":"product-type-simple"},"acf":[],"yoast_head":"<!-- This site is optimized with the Yoast SEO plugin v27.4 - https:\/\/yoast.com\/product\/yoast-seo-wordpress\/ -->\n<title>Wooden Umbrella \u00d8 3.40 m | Professional<\/title>\n<meta name=\"description\" content=\"Full shading with premium presence: \u00d83.40m Wooden Umbrella with heavy-duty beech pole, 8 ribs (44\u00d719mm), and 290gr Sattler acrylic. Explore.\" \/>\n<meta name=\"robots\" content=\"index, follow, max-snippet:-1, max-image-preview:large, max-video-preview:-1\" \/>\n<link rel=\"canonical\" href=\"https:\/\/omprela.gr\/en\/product\/wooden-umbrella-o-3-40-m-with-acrylic-canopy\/\" \/>\n<meta property=\"og:locale\" content=\"en_US\" \/>\n<meta property=\"og:type\" content=\"article\" \/>\n<meta property=\"og:title\" content=\"Wooden Umbrella \u00d8 3.40 m | Professional\" \/>\n<meta property=\"og:description\" content=\"Full shading with premium presence: \u00d83.40m Wooden Umbrella with heavy-duty beech pole, 8 ribs (44\u00d719mm), and 290gr Sattler acrylic. Explore.\" \/>\n<meta property=\"og:url\" content=\"https:\/\/omprela.gr\/en\/product\/wooden-umbrella-o-3-40-m-with-acrylic-canopy\/\" \/>\n<meta property=\"og:site_name\" content=\"Omprela\" \/>\n<meta property=\"article:modified_time\" content=\"2026-02-07T23:05:05+00:00\" \/>\n<meta property=\"og:image\" content=\"https:\/\/omprela.gr\/wp-content\/uploads\/2025\/12\/\u039f\u03bc\u03c0\u03c1\u03ad\u03bb\u03b1-\u03be\u03cd\u03bb\u03b9\u03bd\u03b7-\u03a6.340m-\u03bc\u03b5-\u03b1\u03ba\u03c1\u03c5\u03bb\u03b9\u03ba\u03cc-\u03cd\u03c6\u03b1\u03c3\u03bc\u03b1-1-scaled-1.webp\" \/>\n\t<meta property=\"og:image:width\" content=\"2240\" \/>\n\t<meta property=\"og:image:height\" content=\"2560\" \/>\n\t<meta property=\"og:image:type\" content=\"image\/webp\" \/>\n<meta name=\"twitter:card\" content=\"summary_large_image\" \/>\n<meta name=\"twitter:label1\" content=\"Est. reading time\" \/>\n\t<meta name=\"twitter:data1\" content=\"1 minute\" \/>\n<script type=\"application\/ld+json\" class=\"yoast-schema-graph\">{\"@context\":\"https:\\\/\\\/schema.org\",\"@graph\":[{\"@type\":\"WebPage\",\"@id\":\"https:\\\/\\\/omprela.gr\\\/en\\\/product\\\/wooden-umbrella-o-3-40-m-with-acrylic-canopy\\\/\",\"url\":\"https:\\\/\\\/omprela.gr\\\/en\\\/product\\\/wooden-umbrella-o-3-40-m-with-acrylic-canopy\\\/\",\"name\":\"Wooden Umbrella \u00d8 3.40 m | Professional\",\"isPartOf\":{\"@id\":\"https:\\\/\\\/omprela.gr\\\/#website\"},\"primaryImageOfPage\":{\"@id\":\"https:\\\/\\\/omprela.gr\\\/en\\\/product\\\/wooden-umbrella-o-3-40-m-with-acrylic-canopy\\\/#primaryimage\"},\"image\":{\"@id\":\"https:\\\/\\\/omprela.gr\\\/en\\\/product\\\/wooden-umbrella-o-3-40-m-with-acrylic-canopy\\\/#primaryimage\"},\"thumbnailUrl\":\"https:\\\/\\\/omprela.gr\\\/wp-content\\\/uploads\\\/2025\\\/12\\\/\u039f\u03bc\u03c0\u03c1\u03ad\u03bb\u03b1-\u03be\u03cd\u03bb\u03b9\u03bd\u03b7-\u03a6.340m-\u03bc\u03b5-\u03b1\u03ba\u03c1\u03c5\u03bb\u03b9\u03ba\u03cc-\u03cd\u03c6\u03b1\u03c3\u03bc\u03b1-1-scaled-1.webp\",\"datePublished\":\"2025-12-10T12:06:17+00:00\",\"dateModified\":\"2026-02-07T23:05:05+00:00\",\"description\":\"Full shading with premium presence: \u00d83.40m Wooden Umbrella with heavy-duty beech pole, 8 ribs (44\u00d719mm), and 290gr Sattler acrylic. Explore.\",\"breadcrumb\":{\"@id\":\"https:\\\/\\\/omprela.gr\\\/en\\\/product\\\/wooden-umbrella-o-3-40-m-with-acrylic-canopy\\\/#breadcrumb\"},\"inLanguage\":\"en-US\",\"potentialAction\":[{\"@type\":\"ReadAction\",\"target\":[\"https:\\\/\\\/omprela.gr\\\/en\\\/product\\\/wooden-umbrella-o-3-40-m-with-acrylic-canopy\\\/\"]}]},{\"@type\":\"ImageObject\",\"inLanguage\":\"en-US\",\"@id\":\"https:\\\/\\\/omprela.gr\\\/en\\\/product\\\/wooden-umbrella-o-3-40-m-with-acrylic-canopy\\\/#primaryimage\",\"url\":\"https:\\\/\\\/omprela.gr\\\/wp-content\\\/uploads\\\/2025\\\/12\\\/\u039f\u03bc\u03c0\u03c1\u03ad\u03bb\u03b1-\u03be\u03cd\u03bb\u03b9\u03bd\u03b7-\u03a6.340m-\u03bc\u03b5-\u03b1\u03ba\u03c1\u03c5\u03bb\u03b9\u03ba\u03cc-\u03cd\u03c6\u03b1\u03c3\u03bc\u03b1-1-scaled-1.webp\",\"contentUrl\":\"https:\\\/\\\/omprela.gr\\\/wp-content\\\/uploads\\\/2025\\\/12\\\/\u039f\u03bc\u03c0\u03c1\u03ad\u03bb\u03b1-\u03be\u03cd\u03bb\u03b9\u03bd\u03b7-\u03a6.340m-\u03bc\u03b5-\u03b1\u03ba\u03c1\u03c5\u03bb\u03b9\u03ba\u03cc-\u03cd\u03c6\u03b1\u03c3\u03bc\u03b1-1-scaled-1.webp\",\"width\":2240,\"height\":2560,\"caption\":\"Wooden umbrella \u00d8 3.40 m with acrylic canopy\"},{\"@type\":\"BreadcrumbList\",\"@id\":\"https:\\\/\\\/omprela.gr\\\/en\\\/product\\\/wooden-umbrella-o-3-40-m-with-acrylic-canopy\\\/#breadcrumb\",\"itemListElement\":[{\"@type\":\"ListItem\",\"position\":1,\"name\":\"Home\",\"item\":\"https:\\\/\\\/omprela.gr\\\/en\\\/\"},{\"@type\":\"ListItem\",\"position\":2,\"name\":\"Shop\",\"item\":\"https:\\\/\\\/omprela.gr\\\/shop\\\/\"},{\"@type\":\"ListItem\",\"position\":3,\"name\":\"Wooden umbrella \u00d8 3.40 m with acrylic canopy\"}]},{\"@type\":\"WebSite\",\"@id\":\"https:\\\/\\\/omprela.gr\\\/#website\",\"url\":\"https:\\\/\\\/omprela.gr\\\/\",\"name\":\"Omprela\",\"description\":\"\u03a8\u03ac\u03b8\u03b9\u03bd\u03b5\u03c2 \u039f\u03bc\u03c0\u03c1\u03ad\u03bb\u03b5\u03c2 \u03a0\u03b1\u03c1\u03b1\u03bb\u03af\u03b1\u03c2 \\\/ \u0398\u03b1\u03bb\u03ac\u03c3\u03c3\u03b7\u03c2 \u0395\u03c0\u03b1\u03b3\u03b3\u03b5\u03bb\u03bc\u03b1\u03c4\u03b9\u03ba\u03ad\u03c2\",\"publisher\":{\"@id\":\"https:\\\/\\\/omprela.gr\\\/#organization\"},\"potentialAction\":[{\"@type\":\"SearchAction\",\"target\":{\"@type\":\"EntryPoint\",\"urlTemplate\":\"https:\\\/\\\/omprela.gr\\\/?s={search_term_string}\"},\"query-input\":{\"@type\":\"PropertyValueSpecification\",\"valueRequired\":true,\"valueName\":\"search_term_string\"}}],\"inLanguage\":\"en-US\"},{\"@type\":\"Organization\",\"@id\":\"https:\\\/\\\/omprela.gr\\\/#organization\",\"name\":\"Omprela\",\"url\":\"https:\\\/\\\/omprela.gr\\\/\",\"logo\":{\"@type\":\"ImageObject\",\"inLanguage\":\"en-US\",\"@id\":\"https:\\\/\\\/omprela.gr\\\/#\\\/schema\\\/logo\\\/image\\\/\",\"url\":\"https:\\\/\\\/omprela.gr\\\/wp-content\\\/uploads\\\/2025\\\/12\\\/omprela_logo.svg\",\"contentUrl\":\"https:\\\/\\\/omprela.gr\\\/wp-content\\\/uploads\\\/2025\\\/12\\\/omprela_logo.svg\",\"width\":279,\"height\":93,\"caption\":\"Omprela\"},\"image\":{\"@id\":\"https:\\\/\\\/omprela.gr\\\/#\\\/schema\\\/logo\\\/image\\\/\"}}]}<\/script>\n<!-- \/ Yoast SEO plugin. -->","yoast_head_json":{"title":"Wooden Umbrella \u00d8 3.40 m | Professional","description":"Full shading with premium presence: \u00d83.40m Wooden Umbrella with heavy-duty beech pole, 8 ribs (44\u00d719mm), and 290gr Sattler acrylic. Explore.","robots":{"index":"index","follow":"follow","max-snippet":"max-snippet:-1","max-image-preview":"max-image-preview:large","max-video-preview":"max-video-preview:-1"},"canonical":"https:\/\/omprela.gr\/en\/product\/wooden-umbrella-o-3-40-m-with-acrylic-canopy\/","og_locale":"en_US","og_type":"article","og_title":"Wooden Umbrella \u00d8 3.40 m | Professional","og_description":"Full shading with premium presence: \u00d83.40m Wooden Umbrella with heavy-duty beech pole, 8 ribs (44\u00d719mm), and 290gr Sattler acrylic. Explore.","og_url":"https:\/\/omprela.gr\/en\/product\/wooden-umbrella-o-3-40-m-with-acrylic-canopy\/","og_site_name":"Omprela","article_modified_time":"2026-02-07T23:05:05+00:00","og_image":[{"width":2240,"height":2560,"url":"https:\/\/omprela.gr\/wp-content\/uploads\/2025\/12\/\u039f\u03bc\u03c0\u03c1\u03ad\u03bb\u03b1-\u03be\u03cd\u03bb\u03b9\u03bd\u03b7-\u03a6.340m-\u03bc\u03b5-\u03b1\u03ba\u03c1\u03c5\u03bb\u03b9\u03ba\u03cc-\u03cd\u03c6\u03b1\u03c3\u03bc\u03b1-1-scaled-1.webp","type":"image\/webp"}],"twitter_card":"summary_large_image","twitter_misc":{"Est. reading time":"1 minute"},"schema":{"@context":"https:\/\/schema.org","@graph":[{"@type":"WebPage","@id":"https:\/\/omprela.gr\/en\/product\/wooden-umbrella-o-3-40-m-with-acrylic-canopy\/","url":"https:\/\/omprela.gr\/en\/product\/wooden-umbrella-o-3-40-m-with-acrylic-canopy\/","name":"Wooden Umbrella \u00d8 3.40 m | Professional","isPartOf":{"@id":"https:\/\/omprela.gr\/#website"},"primaryImageOfPage":{"@id":"https:\/\/omprela.gr\/en\/product\/wooden-umbrella-o-3-40-m-with-acrylic-canopy\/#primaryimage"},"image":{"@id":"https:\/\/omprela.gr\/en\/product\/wooden-umbrella-o-3-40-m-with-acrylic-canopy\/#primaryimage"},"thumbnailUrl":"https:\/\/omprela.gr\/wp-content\/uploads\/2025\/12\/\u039f\u03bc\u03c0\u03c1\u03ad\u03bb\u03b1-\u03be\u03cd\u03bb\u03b9\u03bd\u03b7-\u03a6.340m-\u03bc\u03b5-\u03b1\u03ba\u03c1\u03c5\u03bb\u03b9\u03ba\u03cc-\u03cd\u03c6\u03b1\u03c3\u03bc\u03b1-1-scaled-1.webp","datePublished":"2025-12-10T12:06:17+00:00","dateModified":"2026-02-07T23:05:05+00:00","description":"Full shading with premium presence: \u00d83.40m Wooden Umbrella with heavy-duty beech pole, 8 ribs (44\u00d719mm), and 290gr Sattler acrylic. Explore.","breadcrumb":{"@id":"https:\/\/omprela.gr\/en\/product\/wooden-umbrella-o-3-40-m-with-acrylic-canopy\/#breadcrumb"},"inLanguage":"en-US","potentialAction":[{"@type":"ReadAction","target":["https:\/\/omprela.gr\/en\/product\/wooden-umbrella-o-3-40-m-with-acrylic-canopy\/"]}]},{"@type":"ImageObject","inLanguage":"en-US","@id":"https:\/\/omprela.gr\/en\/product\/wooden-umbrella-o-3-40-m-with-acrylic-canopy\/#primaryimage","url":"https:\/\/omprela.gr\/wp-content\/uploads\/2025\/12\/\u039f\u03bc\u03c0\u03c1\u03ad\u03bb\u03b1-\u03be\u03cd\u03bb\u03b9\u03bd\u03b7-\u03a6.340m-\u03bc\u03b5-\u03b1\u03ba\u03c1\u03c5\u03bb\u03b9\u03ba\u03cc-\u03cd\u03c6\u03b1\u03c3\u03bc\u03b1-1-scaled-1.webp","contentUrl":"https:\/\/omprela.gr\/wp-content\/uploads\/2025\/12\/\u039f\u03bc\u03c0\u03c1\u03ad\u03bb\u03b1-\u03be\u03cd\u03bb\u03b9\u03bd\u03b7-\u03a6.340m-\u03bc\u03b5-\u03b1\u03ba\u03c1\u03c5\u03bb\u03b9\u03ba\u03cc-\u03cd\u03c6\u03b1\u03c3\u03bc\u03b1-1-scaled-1.webp","width":2240,"height":2560,"caption":"Wooden umbrella \u00d8 3.40 m with acrylic canopy"},{"@type":"BreadcrumbList","@id":"https:\/\/omprela.gr\/en\/product\/wooden-umbrella-o-3-40-m-with-acrylic-canopy\/#breadcrumb","itemListElement":[{"@type":"ListItem","position":1,"name":"Home","item":"https:\/\/omprela.gr\/en\/"},{"@type":"ListItem","position":2,"name":"Shop","item":"https:\/\/omprela.gr\/shop\/"},{"@type":"ListItem","position":3,"name":"Wooden umbrella \u00d8 3.40 m with acrylic canopy"}]},{"@type":"WebSite","@id":"https:\/\/omprela.gr\/#website","url":"https:\/\/omprela.gr\/","name":"Omprela","description":"\u03a8\u03ac\u03b8\u03b9\u03bd\u03b5\u03c2 \u039f\u03bc\u03c0\u03c1\u03ad\u03bb\u03b5\u03c2 \u03a0\u03b1\u03c1\u03b1\u03bb\u03af\u03b1\u03c2 \/ \u0398\u03b1\u03bb\u03ac\u03c3\u03c3\u03b7\u03c2 \u0395\u03c0\u03b1\u03b3\u03b3\u03b5\u03bb\u03bc\u03b1\u03c4\u03b9\u03ba\u03ad\u03c2","publisher":{"@id":"https:\/\/omprela.gr\/#organization"},"potentialAction":[{"@type":"SearchAction","target":{"@type":"EntryPoint","urlTemplate":"https:\/\/omprela.gr\/?s={search_term_string}"},"query-input":{"@type":"PropertyValueSpecification","valueRequired":true,"valueName":"search_term_string"}}],"inLanguage":"en-US"},{"@type":"Organization","@id":"https:\/\/omprela.gr\/#organization","name":"Omprela","url":"https:\/\/omprela.gr\/","logo":{"@type":"ImageObject","inLanguage":"en-US","@id":"https:\/\/omprela.gr\/#\/schema\/logo\/image\/","url":"https:\/\/omprela.gr\/wp-content\/uploads\/2025\/12\/omprela_logo.svg","contentUrl":"https:\/\/omprela.gr\/wp-content\/uploads\/2025\/12\/omprela_logo.svg","width":279,"height":93,"caption":"Omprela"},"image":{"@id":"https:\/\/omprela.gr\/#\/schema\/logo\/image\/"}}]}},"_links":{"self":[{"href":"https:\/\/omprela.gr\/en\/wp-json\/wp\/v2\/product\/6757","targetHints":{"allow":["GET"]}}],"collection":[{"href":"https:\/\/omprela.gr\/en\/wp-json\/wp\/v2\/product"}],"about":[{"href":"https:\/\/omprela.gr\/en\/wp-json\/wp\/v2\/types\/product"}],"replies":[{"embeddable":true,"href":"https:\/\/omprela.gr\/en\/wp-json\/wp\/v2\/comments?post=6757"}],"wp:featuredmedia":[{"embeddable":true,"href":"https:\/\/omprela.gr\/en\/wp-json\/wp\/v2\/media\/6749"}],"wp:attachment":[{"href":"https:\/\/omprela.gr\/en\/wp-json\/wp\/v2\/media?parent=6757"}],"wp:term":[{"taxonomy":"product_brand","embeddable":true,"href":"https:\/\/omprela.gr\/en\/wp-json\/wp\/v2\/product_brand?post=6757"},{"taxonomy":"product_cat","embeddable":true,"href":"https:\/\/omprela.gr\/en\/wp-json\/wp\/v2\/product_cat?post=6757"},{"taxonomy":"product_tag","embeddable":true,"href":"https:\/\/omprela.gr\/en\/wp-json\/wp\/v2\/product_tag?post=6757"}],"curies":[{"name":"wp","href":"https:\/\/api.w.org\/{rel}","templated":true}]}}