{"id":6737,"date":"2025-12-10T12:06:17","date_gmt":"2025-12-10T12:06:17","guid":{"rendered":"https:\/\/omprela.itsnotnow.gr\/product\/wooden-umbrella-o-2-50-m-with-grey-acrylic-canopy-and-fringe\/"},"modified":"2026-02-07T22:49:57","modified_gmt":"2026-02-07T22:49:57","slug":"wooden-umbrella-o-2-50-m-with-grey-acrylic-canopy-and-fringe","status":"publish","type":"product","link":"https:\/\/omprela.gr\/en\/product\/wooden-umbrella-o-2-50-m-with-grey-acrylic-canopy-and-fringe\/","title":{"rendered":"Wooden umbrella \u00d8 2.50 m with grey acrylic canopy and fringe"},"content":{"rendered":"<ul>\n<li>Wooden pole made of durable heavy-duty beech wood!<\/li>\n<li>Single-piece pole \u00d848 X 2.6m<\/li>\n<li>8 ribs 35 X 20 mm<\/li>\n<li>Waterproof 280 gr\/m2 grey acrylic fabric with UV protection and PU coating<\/li>\n<li><strong>With reinforced aluminum hub<\/strong><\/li>\n<li>Rib connection with stainless steel components<\/li>\n<li>Opening and closing with double pulley and stainless steel stop with 3 tilting levels<\/li>\n<li>Safety screws and nuts for connecting the ribs to each other<\/li>\n<li>With an air vent for wind release.<\/li>\n<li>Dimensions: \u00d82.50m<\/li>\n<\/ul>\n","protected":false},"excerpt":{"rendered":"<p><span data-sheets-root=\"1\">A more &#8220;atmospheric&#8221; version of grey, where the fringe softens the look without changing the professional character. The \u00d82.50m diameter provides generous shading, while the \u00d848 beech pole and 8 ribs (35\u00d720mm) keep the structure sturdy and balanced. <\/span><\/p>\n<p><span data-sheets-root=\"1\">The 280gr\/m\u00b2 acrylic umbrella canopy features a PU coating, waterproofing, and UV protection. A reinforced aluminum hub, stainless steel connections, double pulley, and a stainless steel stop with 3 tilting levels provide a complete image of serious construction.<br \/>\n<\/span><\/p>\n","protected":false},"featured_media":6729,"comment_status":"closed","ping_status":"closed","template":"","meta":{"_acf_changed":false},"product_brand":[],"product_cat":[349,472],"product_tag":[],"class_list":{"0":"post-6737","1":"product","2":"type-product","3":"status-publish","4":"has-post-thumbnail","6":"product_cat-umbrellas","7":"product_cat-umbrellas-wooden","8":"pa_-323","10":"first","11":"instock","12":"product-type-simple"},"acf":[],"yoast_head":"<!-- This site is optimized with the Yoast SEO plugin v27.4 - https:\/\/yoast.com\/product\/yoast-seo-wordpress\/ -->\n<title>Wooden Umbrella \u00d8 2.50 m Grey | Fringe, Professional<\/title>\n<meta name=\"description\" content=\"\u00d82.50m Grey Wooden Umbrella with Fringe offers generous shading, \u00d848 beech pole, and 3 tilting levels. 280gr UV acrylic fabric. Discover.\" \/>\n<meta name=\"robots\" content=\"index, follow, max-snippet:-1, max-image-preview:large, max-video-preview:-1\" \/>\n<link rel=\"canonical\" href=\"https:\/\/omprela.gr\/en\/product\/wooden-umbrella-o-2-50-m-with-grey-acrylic-canopy-and-fringe\/\" \/>\n<meta property=\"og:locale\" content=\"en_US\" \/>\n<meta property=\"og:type\" content=\"article\" \/>\n<meta property=\"og:title\" content=\"Wooden Umbrella \u00d8 2.50 m Grey | Fringe, Professional\" \/>\n<meta property=\"og:description\" content=\"\u00d82.50m Grey Wooden Umbrella with Fringe offers generous shading, \u00d848 beech pole, and 3 tilting levels. 280gr UV acrylic fabric. Discover.\" \/>\n<meta property=\"og:url\" content=\"https:\/\/omprela.gr\/en\/product\/wooden-umbrella-o-2-50-m-with-grey-acrylic-canopy-and-fringe\/\" \/>\n<meta property=\"og:site_name\" content=\"Omprela\" \/>\n<meta property=\"article:modified_time\" content=\"2026-02-07T22:49:57+00:00\" \/>\n<meta property=\"og:image\" content=\"https:\/\/omprela.gr\/wp-content\/uploads\/2025\/12\/\u039f\u03bc\u03c0\u03c1\u03ad\u03bb\u03b1-\u03be\u03cd\u03bb\u03b9\u03bd\u03b7-\u03a6.2.50m-\u03bc\u03b5-\u03b1\u03ba\u03c1\u03c5\u03bb\u03b9\u03ba\u03cc-\u03cd\u03c6\u03b1\u03c3\u03bc\u03b1-\u0393\u03ba\u03c1\u03b9-\u03ba\u03b1\u03b9-\u03ba\u03c1\u03cc\u03c3\u03c3\u03b9-1-scaled-1.webp\" \/>\n\t<meta property=\"og:image:width\" content=\"2240\" \/>\n\t<meta property=\"og:image:height\" content=\"2560\" \/>\n\t<meta property=\"og:image:type\" content=\"image\/webp\" \/>\n<meta name=\"twitter:card\" content=\"summary_large_image\" \/>\n<meta name=\"twitter:label1\" content=\"Est. reading time\" \/>\n\t<meta name=\"twitter:data1\" content=\"1 minute\" \/>\n<script type=\"application\/ld+json\" class=\"yoast-schema-graph\">{\"@context\":\"https:\\\/\\\/schema.org\",\"@graph\":[{\"@type\":\"WebPage\",\"@id\":\"https:\\\/\\\/omprela.gr\\\/en\\\/product\\\/wooden-umbrella-o-2-50-m-with-grey-acrylic-canopy-and-fringe\\\/\",\"url\":\"https:\\\/\\\/omprela.gr\\\/en\\\/product\\\/wooden-umbrella-o-2-50-m-with-grey-acrylic-canopy-and-fringe\\\/\",\"name\":\"Wooden Umbrella \u00d8 2.50 m Grey | Fringe, Professional\",\"isPartOf\":{\"@id\":\"https:\\\/\\\/omprela.gr\\\/#website\"},\"primaryImageOfPage\":{\"@id\":\"https:\\\/\\\/omprela.gr\\\/en\\\/product\\\/wooden-umbrella-o-2-50-m-with-grey-acrylic-canopy-and-fringe\\\/#primaryimage\"},\"image\":{\"@id\":\"https:\\\/\\\/omprela.gr\\\/en\\\/product\\\/wooden-umbrella-o-2-50-m-with-grey-acrylic-canopy-and-fringe\\\/#primaryimage\"},\"thumbnailUrl\":\"https:\\\/\\\/omprela.gr\\\/wp-content\\\/uploads\\\/2025\\\/12\\\/\u039f\u03bc\u03c0\u03c1\u03ad\u03bb\u03b1-\u03be\u03cd\u03bb\u03b9\u03bd\u03b7-\u03a6.2.50m-\u03bc\u03b5-\u03b1\u03ba\u03c1\u03c5\u03bb\u03b9\u03ba\u03cc-\u03cd\u03c6\u03b1\u03c3\u03bc\u03b1-\u0393\u03ba\u03c1\u03b9-\u03ba\u03b1\u03b9-\u03ba\u03c1\u03cc\u03c3\u03c3\u03b9-1-scaled-1.webp\",\"datePublished\":\"2025-12-10T12:06:17+00:00\",\"dateModified\":\"2026-02-07T22:49:57+00:00\",\"description\":\"\u00d82.50m Grey Wooden Umbrella with Fringe offers generous shading, \u00d848 beech pole, and 3 tilting levels. 280gr UV acrylic fabric. Discover.\",\"breadcrumb\":{\"@id\":\"https:\\\/\\\/omprela.gr\\\/en\\\/product\\\/wooden-umbrella-o-2-50-m-with-grey-acrylic-canopy-and-fringe\\\/#breadcrumb\"},\"inLanguage\":\"en-US\",\"potentialAction\":[{\"@type\":\"ReadAction\",\"target\":[\"https:\\\/\\\/omprela.gr\\\/en\\\/product\\\/wooden-umbrella-o-2-50-m-with-grey-acrylic-canopy-and-fringe\\\/\"]}]},{\"@type\":\"ImageObject\",\"inLanguage\":\"en-US\",\"@id\":\"https:\\\/\\\/omprela.gr\\\/en\\\/product\\\/wooden-umbrella-o-2-50-m-with-grey-acrylic-canopy-and-fringe\\\/#primaryimage\",\"url\":\"https:\\\/\\\/omprela.gr\\\/wp-content\\\/uploads\\\/2025\\\/12\\\/\u039f\u03bc\u03c0\u03c1\u03ad\u03bb\u03b1-\u03be\u03cd\u03bb\u03b9\u03bd\u03b7-\u03a6.2.50m-\u03bc\u03b5-\u03b1\u03ba\u03c1\u03c5\u03bb\u03b9\u03ba\u03cc-\u03cd\u03c6\u03b1\u03c3\u03bc\u03b1-\u0393\u03ba\u03c1\u03b9-\u03ba\u03b1\u03b9-\u03ba\u03c1\u03cc\u03c3\u03c3\u03b9-1-scaled-1.webp\",\"contentUrl\":\"https:\\\/\\\/omprela.gr\\\/wp-content\\\/uploads\\\/2025\\\/12\\\/\u039f\u03bc\u03c0\u03c1\u03ad\u03bb\u03b1-\u03be\u03cd\u03bb\u03b9\u03bd\u03b7-\u03a6.2.50m-\u03bc\u03b5-\u03b1\u03ba\u03c1\u03c5\u03bb\u03b9\u03ba\u03cc-\u03cd\u03c6\u03b1\u03c3\u03bc\u03b1-\u0393\u03ba\u03c1\u03b9-\u03ba\u03b1\u03b9-\u03ba\u03c1\u03cc\u03c3\u03c3\u03b9-1-scaled-1.webp\",\"width\":2240,\"height\":2560,\"caption\":\"Wooden umbrella \u00d8 2.50 m with grey acrylic canopy and fringe\"},{\"@type\":\"BreadcrumbList\",\"@id\":\"https:\\\/\\\/omprela.gr\\\/en\\\/product\\\/wooden-umbrella-o-2-50-m-with-grey-acrylic-canopy-and-fringe\\\/#breadcrumb\",\"itemListElement\":[{\"@type\":\"ListItem\",\"position\":1,\"name\":\"Home\",\"item\":\"https:\\\/\\\/omprela.gr\\\/en\\\/\"},{\"@type\":\"ListItem\",\"position\":2,\"name\":\"Shop\",\"item\":\"https:\\\/\\\/omprela.gr\\\/shop\\\/\"},{\"@type\":\"ListItem\",\"position\":3,\"name\":\"Wooden umbrella \u00d8 2.50 m with grey acrylic canopy and fringe\"}]},{\"@type\":\"WebSite\",\"@id\":\"https:\\\/\\\/omprela.gr\\\/#website\",\"url\":\"https:\\\/\\\/omprela.gr\\\/\",\"name\":\"Omprela\",\"description\":\"\u03a8\u03ac\u03b8\u03b9\u03bd\u03b5\u03c2 \u039f\u03bc\u03c0\u03c1\u03ad\u03bb\u03b5\u03c2 \u03a0\u03b1\u03c1\u03b1\u03bb\u03af\u03b1\u03c2 \\\/ \u0398\u03b1\u03bb\u03ac\u03c3\u03c3\u03b7\u03c2 \u0395\u03c0\u03b1\u03b3\u03b3\u03b5\u03bb\u03bc\u03b1\u03c4\u03b9\u03ba\u03ad\u03c2\",\"publisher\":{\"@id\":\"https:\\\/\\\/omprela.gr\\\/#organization\"},\"potentialAction\":[{\"@type\":\"SearchAction\",\"target\":{\"@type\":\"EntryPoint\",\"urlTemplate\":\"https:\\\/\\\/omprela.gr\\\/?s={search_term_string}\"},\"query-input\":{\"@type\":\"PropertyValueSpecification\",\"valueRequired\":true,\"valueName\":\"search_term_string\"}}],\"inLanguage\":\"en-US\"},{\"@type\":\"Organization\",\"@id\":\"https:\\\/\\\/omprela.gr\\\/#organization\",\"name\":\"Omprela\",\"url\":\"https:\\\/\\\/omprela.gr\\\/\",\"logo\":{\"@type\":\"ImageObject\",\"inLanguage\":\"en-US\",\"@id\":\"https:\\\/\\\/omprela.gr\\\/#\\\/schema\\\/logo\\\/image\\\/\",\"url\":\"https:\\\/\\\/omprela.gr\\\/wp-content\\\/uploads\\\/2025\\\/12\\\/omprela_logo.svg\",\"contentUrl\":\"https:\\\/\\\/omprela.gr\\\/wp-content\\\/uploads\\\/2025\\\/12\\\/omprela_logo.svg\",\"width\":279,\"height\":93,\"caption\":\"Omprela\"},\"image\":{\"@id\":\"https:\\\/\\\/omprela.gr\\\/#\\\/schema\\\/logo\\\/image\\\/\"}}]}<\/script>\n<!-- \/ Yoast SEO plugin. -->","yoast_head_json":{"title":"Wooden Umbrella \u00d8 2.50 m Grey | Fringe, Professional","description":"\u00d82.50m Grey Wooden Umbrella with Fringe offers generous shading, \u00d848 beech pole, and 3 tilting levels. 280gr UV acrylic fabric. Discover.","robots":{"index":"index","follow":"follow","max-snippet":"max-snippet:-1","max-image-preview":"max-image-preview:large","max-video-preview":"max-video-preview:-1"},"canonical":"https:\/\/omprela.gr\/en\/product\/wooden-umbrella-o-2-50-m-with-grey-acrylic-canopy-and-fringe\/","og_locale":"en_US","og_type":"article","og_title":"Wooden Umbrella \u00d8 2.50 m Grey | Fringe, Professional","og_description":"\u00d82.50m Grey Wooden Umbrella with Fringe offers generous shading, \u00d848 beech pole, and 3 tilting levels. 280gr UV acrylic fabric. Discover.","og_url":"https:\/\/omprela.gr\/en\/product\/wooden-umbrella-o-2-50-m-with-grey-acrylic-canopy-and-fringe\/","og_site_name":"Omprela","article_modified_time":"2026-02-07T22:49:57+00:00","og_image":[{"width":2240,"height":2560,"url":"https:\/\/omprela.gr\/wp-content\/uploads\/2025\/12\/\u039f\u03bc\u03c0\u03c1\u03ad\u03bb\u03b1-\u03be\u03cd\u03bb\u03b9\u03bd\u03b7-\u03a6.2.50m-\u03bc\u03b5-\u03b1\u03ba\u03c1\u03c5\u03bb\u03b9\u03ba\u03cc-\u03cd\u03c6\u03b1\u03c3\u03bc\u03b1-\u0393\u03ba\u03c1\u03b9-\u03ba\u03b1\u03b9-\u03ba\u03c1\u03cc\u03c3\u03c3\u03b9-1-scaled-1.webp","type":"image\/webp"}],"twitter_card":"summary_large_image","twitter_misc":{"Est. reading time":"1 minute"},"schema":{"@context":"https:\/\/schema.org","@graph":[{"@type":"WebPage","@id":"https:\/\/omprela.gr\/en\/product\/wooden-umbrella-o-2-50-m-with-grey-acrylic-canopy-and-fringe\/","url":"https:\/\/omprela.gr\/en\/product\/wooden-umbrella-o-2-50-m-with-grey-acrylic-canopy-and-fringe\/","name":"Wooden Umbrella \u00d8 2.50 m Grey | Fringe, Professional","isPartOf":{"@id":"https:\/\/omprela.gr\/#website"},"primaryImageOfPage":{"@id":"https:\/\/omprela.gr\/en\/product\/wooden-umbrella-o-2-50-m-with-grey-acrylic-canopy-and-fringe\/#primaryimage"},"image":{"@id":"https:\/\/omprela.gr\/en\/product\/wooden-umbrella-o-2-50-m-with-grey-acrylic-canopy-and-fringe\/#primaryimage"},"thumbnailUrl":"https:\/\/omprela.gr\/wp-content\/uploads\/2025\/12\/\u039f\u03bc\u03c0\u03c1\u03ad\u03bb\u03b1-\u03be\u03cd\u03bb\u03b9\u03bd\u03b7-\u03a6.2.50m-\u03bc\u03b5-\u03b1\u03ba\u03c1\u03c5\u03bb\u03b9\u03ba\u03cc-\u03cd\u03c6\u03b1\u03c3\u03bc\u03b1-\u0393\u03ba\u03c1\u03b9-\u03ba\u03b1\u03b9-\u03ba\u03c1\u03cc\u03c3\u03c3\u03b9-1-scaled-1.webp","datePublished":"2025-12-10T12:06:17+00:00","dateModified":"2026-02-07T22:49:57+00:00","description":"\u00d82.50m Grey Wooden Umbrella with Fringe offers generous shading, \u00d848 beech pole, and 3 tilting levels. 280gr UV acrylic fabric. Discover.","breadcrumb":{"@id":"https:\/\/omprela.gr\/en\/product\/wooden-umbrella-o-2-50-m-with-grey-acrylic-canopy-and-fringe\/#breadcrumb"},"inLanguage":"en-US","potentialAction":[{"@type":"ReadAction","target":["https:\/\/omprela.gr\/en\/product\/wooden-umbrella-o-2-50-m-with-grey-acrylic-canopy-and-fringe\/"]}]},{"@type":"ImageObject","inLanguage":"en-US","@id":"https:\/\/omprela.gr\/en\/product\/wooden-umbrella-o-2-50-m-with-grey-acrylic-canopy-and-fringe\/#primaryimage","url":"https:\/\/omprela.gr\/wp-content\/uploads\/2025\/12\/\u039f\u03bc\u03c0\u03c1\u03ad\u03bb\u03b1-\u03be\u03cd\u03bb\u03b9\u03bd\u03b7-\u03a6.2.50m-\u03bc\u03b5-\u03b1\u03ba\u03c1\u03c5\u03bb\u03b9\u03ba\u03cc-\u03cd\u03c6\u03b1\u03c3\u03bc\u03b1-\u0393\u03ba\u03c1\u03b9-\u03ba\u03b1\u03b9-\u03ba\u03c1\u03cc\u03c3\u03c3\u03b9-1-scaled-1.webp","contentUrl":"https:\/\/omprela.gr\/wp-content\/uploads\/2025\/12\/\u039f\u03bc\u03c0\u03c1\u03ad\u03bb\u03b1-\u03be\u03cd\u03bb\u03b9\u03bd\u03b7-\u03a6.2.50m-\u03bc\u03b5-\u03b1\u03ba\u03c1\u03c5\u03bb\u03b9\u03ba\u03cc-\u03cd\u03c6\u03b1\u03c3\u03bc\u03b1-\u0393\u03ba\u03c1\u03b9-\u03ba\u03b1\u03b9-\u03ba\u03c1\u03cc\u03c3\u03c3\u03b9-1-scaled-1.webp","width":2240,"height":2560,"caption":"Wooden umbrella \u00d8 2.50 m with grey acrylic canopy and fringe"},{"@type":"BreadcrumbList","@id":"https:\/\/omprela.gr\/en\/product\/wooden-umbrella-o-2-50-m-with-grey-acrylic-canopy-and-fringe\/#breadcrumb","itemListElement":[{"@type":"ListItem","position":1,"name":"Home","item":"https:\/\/omprela.gr\/en\/"},{"@type":"ListItem","position":2,"name":"Shop","item":"https:\/\/omprela.gr\/shop\/"},{"@type":"ListItem","position":3,"name":"Wooden umbrella \u00d8 2.50 m with grey acrylic canopy and fringe"}]},{"@type":"WebSite","@id":"https:\/\/omprela.gr\/#website","url":"https:\/\/omprela.gr\/","name":"Omprela","description":"\u03a8\u03ac\u03b8\u03b9\u03bd\u03b5\u03c2 \u039f\u03bc\u03c0\u03c1\u03ad\u03bb\u03b5\u03c2 \u03a0\u03b1\u03c1\u03b1\u03bb\u03af\u03b1\u03c2 \/ \u0398\u03b1\u03bb\u03ac\u03c3\u03c3\u03b7\u03c2 \u0395\u03c0\u03b1\u03b3\u03b3\u03b5\u03bb\u03bc\u03b1\u03c4\u03b9\u03ba\u03ad\u03c2","publisher":{"@id":"https:\/\/omprela.gr\/#organization"},"potentialAction":[{"@type":"SearchAction","target":{"@type":"EntryPoint","urlTemplate":"https:\/\/omprela.gr\/?s={search_term_string}"},"query-input":{"@type":"PropertyValueSpecification","valueRequired":true,"valueName":"search_term_string"}}],"inLanguage":"en-US"},{"@type":"Organization","@id":"https:\/\/omprela.gr\/#organization","name":"Omprela","url":"https:\/\/omprela.gr\/","logo":{"@type":"ImageObject","inLanguage":"en-US","@id":"https:\/\/omprela.gr\/#\/schema\/logo\/image\/","url":"https:\/\/omprela.gr\/wp-content\/uploads\/2025\/12\/omprela_logo.svg","contentUrl":"https:\/\/omprela.gr\/wp-content\/uploads\/2025\/12\/omprela_logo.svg","width":279,"height":93,"caption":"Omprela"},"image":{"@id":"https:\/\/omprela.gr\/#\/schema\/logo\/image\/"}}]}},"_links":{"self":[{"href":"https:\/\/omprela.gr\/en\/wp-json\/wp\/v2\/product\/6737","targetHints":{"allow":["GET"]}}],"collection":[{"href":"https:\/\/omprela.gr\/en\/wp-json\/wp\/v2\/product"}],"about":[{"href":"https:\/\/omprela.gr\/en\/wp-json\/wp\/v2\/types\/product"}],"replies":[{"embeddable":true,"href":"https:\/\/omprela.gr\/en\/wp-json\/wp\/v2\/comments?post=6737"}],"wp:featuredmedia":[{"embeddable":true,"href":"https:\/\/omprela.gr\/en\/wp-json\/wp\/v2\/media\/6729"}],"wp:attachment":[{"href":"https:\/\/omprela.gr\/en\/wp-json\/wp\/v2\/media?parent=6737"}],"wp:term":[{"taxonomy":"product_brand","embeddable":true,"href":"https:\/\/omprela.gr\/en\/wp-json\/wp\/v2\/product_brand?post=6737"},{"taxonomy":"product_cat","embeddable":true,"href":"https:\/\/omprela.gr\/en\/wp-json\/wp\/v2\/product_cat?post=6737"},{"taxonomy":"product_tag","embeddable":true,"href":"https:\/\/omprela.gr\/en\/wp-json\/wp\/v2\/product_tag?post=6737"}],"curies":[{"name":"wp","href":"https:\/\/api.w.org\/{rel}","templated":true}]}}