{"id":5072,"date":"2025-12-10T12:01:44","date_gmt":"2025-12-10T12:01:44","guid":{"rendered":"https:\/\/omprela.itsnotnow.gr\/product\/fun-palm-tropical-hat-woven\/"},"modified":"2026-02-10T12:39:16","modified_gmt":"2026-02-10T12:39:16","slug":"fun-palm-tropical-hat-woven","status":"publish","type":"product","link":"https:\/\/omprela.gr\/en\/product\/fun-palm-tropical-hat-woven\/","title":{"rendered":"Fun Palm Woven Umbrella Cover"},"content":{"rendered":"<ul>\n<li><span data-sheets-root=\"1\">Braided Fun Palm cover (referred to as more durable)<br \/>\n<\/span><\/li>\n<li><span data-sheets-root=\"1\">Does not provide full shading (unlike the sewn\/solid version)<br \/>\n<\/span><\/li>\n<li><span data-sheets-root=\"1\">Fits on frame with fastening (cable ties or thin wire)<br \/>\n<\/span><\/li>\n<li><span data-sheets-root=\"1\">Dimensions: \u00d82.00m \/ \u00d82.10m \/ \u00d82.50m<\/span><\/li>\n<\/ul>\n","protected":false},"excerpt":{"rendered":"<p><span data-sheets-root=\"1\">The braided Fun Palm retains the characteristic tropical aesthetic with fringes, offering a more &#8220;natural&#8221; and handcrafted look. Available in two versions: braided (more durable, but not full shading) and sewn\/solid (full shading). It fits on the frame with simple fastening (cable ties or thin wire) for proper positioning without makeshift solutions. Dimensions: \u00d82.00m \/ \u00d82.10m \/ \u00d82.50m. <\/span><\/p>\n","protected":false},"featured_media":5043,"comment_status":"closed","ping_status":"closed","template":"","meta":{"_acf_changed":false},"product_brand":[],"product_cat":[621,365,487,622,479,354,349,475],"product_tag":[],"class_list":{"0":"post-5072","1":"product","2":"type-product","3":"status-publish","4":"has-post-thumbnail","6":"product_cat-accessories","7":"product_cat-daybeds","8":"product_cat-daybeds-reed-screens-shade-materials","9":"product_cat-reed-screens-shade-materials","10":"product_cat-wooden-structures-reed-screens-shade-materials","11":"product_cat-umbrella-covers","12":"product_cat-umbrellas","13":"product_cat-wooden-structures","14":"pa_-o200cm","15":"pa_-o210cm","16":"pa_-748","18":"first","19":"instock","20":"product-type-simple"},"acf":[],"yoast_head":"<!-- This site is optimized with the Yoast SEO plugin v27.4 - https:\/\/yoast.com\/product\/yoast-seo-wordpress\/ -->\n<title>Fun Palm Woven Umbrella Cover | Replacement<\/title>\n<meta name=\"description\" content=\"\u03a4\u03c1\u03bf\u03c0\u03b9\u03ba\u03cc \u039a\u03b1\u03c0\u03ad\u03bb\u03bf Fun Palm \u03a0\u03bb\u03b5\u03ba\u03c4\u03cc \u03c3\u03b5 \u03c0\u03bb\u03b5\u03ba\u03c4\u03ae \u03ae \u03c1\u03b1\u03bc\u03bc\u03ad\u03bd\u03b7 \u03b5\u03ba\u03b4\u03bf\u03c7\u03ae. \u03a62,00-2,50m \u03b3\u03b9\u03b1 \u03c4\u03c1\u03bf\u03c0\u03b9\u03ba\u03ae \u03b1\u03b9\u03c3\u03b8\u03b7\u03c4\u03b9\u03ba\u03ae. \u0394\u03b5\u03af\u03c4\u03b5 \u03c0\u03b5\u03c1\u03b9\u03c3\u03c3\u03cc\u03c4\u03b5\u03c1\u03b1.\" \/>\n<meta name=\"robots\" content=\"index, follow, max-snippet:-1, max-image-preview:large, max-video-preview:-1\" \/>\n<link rel=\"canonical\" href=\"https:\/\/omprela.gr\/en\/product\/fun-palm-tropical-hat-woven\/\" \/>\n<meta property=\"og:locale\" content=\"en_US\" \/>\n<meta property=\"og:type\" content=\"article\" \/>\n<meta property=\"og:title\" content=\"Fun Palm Woven Umbrella Cover | Replacement\" \/>\n<meta property=\"og:description\" content=\"\u03a4\u03c1\u03bf\u03c0\u03b9\u03ba\u03cc \u039a\u03b1\u03c0\u03ad\u03bb\u03bf Fun Palm \u03a0\u03bb\u03b5\u03ba\u03c4\u03cc \u03c3\u03b5 \u03c0\u03bb\u03b5\u03ba\u03c4\u03ae \u03ae \u03c1\u03b1\u03bc\u03bc\u03ad\u03bd\u03b7 \u03b5\u03ba\u03b4\u03bf\u03c7\u03ae. \u03a62,00-2,50m \u03b3\u03b9\u03b1 \u03c4\u03c1\u03bf\u03c0\u03b9\u03ba\u03ae \u03b1\u03b9\u03c3\u03b8\u03b7\u03c4\u03b9\u03ba\u03ae. \u0394\u03b5\u03af\u03c4\u03b5 \u03c0\u03b5\u03c1\u03b9\u03c3\u03c3\u03cc\u03c4\u03b5\u03c1\u03b1.\" \/>\n<meta property=\"og:url\" content=\"https:\/\/omprela.gr\/en\/product\/fun-palm-tropical-hat-woven\/\" \/>\n<meta property=\"og:site_name\" content=\"Omprela\" \/>\n<meta property=\"article:modified_time\" content=\"2026-02-10T12:39:16+00:00\" \/>\n<meta property=\"og:image\" content=\"https:\/\/omprela.gr\/wp-content\/uploads\/2025\/12\/kalymma-omprelas-funpalm.jpg\" \/>\n\t<meta property=\"og:image:width\" content=\"1400\" \/>\n\t<meta property=\"og:image:height\" content=\"1600\" \/>\n\t<meta property=\"og:image:type\" content=\"image\/jpeg\" \/>\n<meta name=\"twitter:card\" content=\"summary_large_image\" \/>\n<meta name=\"twitter:label1\" content=\"Est. reading time\" \/>\n\t<meta name=\"twitter:data1\" content=\"1 minute\" \/>\n<script type=\"application\/ld+json\" class=\"yoast-schema-graph\">{\"@context\":\"https:\\\/\\\/schema.org\",\"@graph\":[{\"@type\":\"WebPage\",\"@id\":\"https:\\\/\\\/omprela.gr\\\/en\\\/product\\\/fun-palm-tropical-hat-woven\\\/\",\"url\":\"https:\\\/\\\/omprela.gr\\\/en\\\/product\\\/fun-palm-tropical-hat-woven\\\/\",\"name\":\"Fun Palm Woven Umbrella Cover | Replacement\",\"isPartOf\":{\"@id\":\"https:\\\/\\\/omprela.gr\\\/#website\"},\"primaryImageOfPage\":{\"@id\":\"https:\\\/\\\/omprela.gr\\\/en\\\/product\\\/fun-palm-tropical-hat-woven\\\/#primaryimage\"},\"image\":{\"@id\":\"https:\\\/\\\/omprela.gr\\\/en\\\/product\\\/fun-palm-tropical-hat-woven\\\/#primaryimage\"},\"thumbnailUrl\":\"https:\\\/\\\/omprela.gr\\\/wp-content\\\/uploads\\\/2025\\\/12\\\/kalymma-omprelas-funpalm.jpg\",\"datePublished\":\"2025-12-10T12:01:44+00:00\",\"dateModified\":\"2026-02-10T12:39:16+00:00\",\"description\":\"\u03a4\u03c1\u03bf\u03c0\u03b9\u03ba\u03cc \u039a\u03b1\u03c0\u03ad\u03bb\u03bf Fun Palm \u03a0\u03bb\u03b5\u03ba\u03c4\u03cc \u03c3\u03b5 \u03c0\u03bb\u03b5\u03ba\u03c4\u03ae \u03ae \u03c1\u03b1\u03bc\u03bc\u03ad\u03bd\u03b7 \u03b5\u03ba\u03b4\u03bf\u03c7\u03ae. \u03a62,00-2,50m \u03b3\u03b9\u03b1 \u03c4\u03c1\u03bf\u03c0\u03b9\u03ba\u03ae \u03b1\u03b9\u03c3\u03b8\u03b7\u03c4\u03b9\u03ba\u03ae. \u0394\u03b5\u03af\u03c4\u03b5 \u03c0\u03b5\u03c1\u03b9\u03c3\u03c3\u03cc\u03c4\u03b5\u03c1\u03b1.\",\"breadcrumb\":{\"@id\":\"https:\\\/\\\/omprela.gr\\\/en\\\/product\\\/fun-palm-tropical-hat-woven\\\/#breadcrumb\"},\"inLanguage\":\"en-US\",\"potentialAction\":[{\"@type\":\"ReadAction\",\"target\":[\"https:\\\/\\\/omprela.gr\\\/en\\\/product\\\/fun-palm-tropical-hat-woven\\\/\"]}]},{\"@type\":\"ImageObject\",\"inLanguage\":\"en-US\",\"@id\":\"https:\\\/\\\/omprela.gr\\\/en\\\/product\\\/fun-palm-tropical-hat-woven\\\/#primaryimage\",\"url\":\"https:\\\/\\\/omprela.gr\\\/wp-content\\\/uploads\\\/2025\\\/12\\\/kalymma-omprelas-funpalm.jpg\",\"contentUrl\":\"https:\\\/\\\/omprela.gr\\\/wp-content\\\/uploads\\\/2025\\\/12\\\/kalymma-omprelas-funpalm.jpg\",\"width\":1400,\"height\":1600,\"caption\":\"Fun Palm woven tropical hat. Sizes: 2.50 \u00d7 2.50 m, 3.00 \u00d7 3.00 m, 3.50 \u00d7 3.50 m, 4.00 \u00d7 4.00 m.\"},{\"@type\":\"BreadcrumbList\",\"@id\":\"https:\\\/\\\/omprela.gr\\\/en\\\/product\\\/fun-palm-tropical-hat-woven\\\/#breadcrumb\",\"itemListElement\":[{\"@type\":\"ListItem\",\"position\":1,\"name\":\"Home\",\"item\":\"https:\\\/\\\/omprela.gr\\\/en\\\/\"},{\"@type\":\"ListItem\",\"position\":2,\"name\":\"Shop\",\"item\":\"https:\\\/\\\/omprela.gr\\\/shop\\\/\"},{\"@type\":\"ListItem\",\"position\":3,\"name\":\"Fun Palm Woven Umbrella Cover\"}]},{\"@type\":\"WebSite\",\"@id\":\"https:\\\/\\\/omprela.gr\\\/#website\",\"url\":\"https:\\\/\\\/omprela.gr\\\/\",\"name\":\"Omprela\",\"description\":\"\u03a8\u03ac\u03b8\u03b9\u03bd\u03b5\u03c2 \u039f\u03bc\u03c0\u03c1\u03ad\u03bb\u03b5\u03c2 \u03a0\u03b1\u03c1\u03b1\u03bb\u03af\u03b1\u03c2 \\\/ \u0398\u03b1\u03bb\u03ac\u03c3\u03c3\u03b7\u03c2 \u0395\u03c0\u03b1\u03b3\u03b3\u03b5\u03bb\u03bc\u03b1\u03c4\u03b9\u03ba\u03ad\u03c2\",\"publisher\":{\"@id\":\"https:\\\/\\\/omprela.gr\\\/#organization\"},\"potentialAction\":[{\"@type\":\"SearchAction\",\"target\":{\"@type\":\"EntryPoint\",\"urlTemplate\":\"https:\\\/\\\/omprela.gr\\\/?s={search_term_string}\"},\"query-input\":{\"@type\":\"PropertyValueSpecification\",\"valueRequired\":true,\"valueName\":\"search_term_string\"}}],\"inLanguage\":\"en-US\"},{\"@type\":\"Organization\",\"@id\":\"https:\\\/\\\/omprela.gr\\\/#organization\",\"name\":\"Omprela\",\"url\":\"https:\\\/\\\/omprela.gr\\\/\",\"logo\":{\"@type\":\"ImageObject\",\"inLanguage\":\"en-US\",\"@id\":\"https:\\\/\\\/omprela.gr\\\/#\\\/schema\\\/logo\\\/image\\\/\",\"url\":\"https:\\\/\\\/omprela.gr\\\/wp-content\\\/uploads\\\/2025\\\/12\\\/omprela_logo.svg\",\"contentUrl\":\"https:\\\/\\\/omprela.gr\\\/wp-content\\\/uploads\\\/2025\\\/12\\\/omprela_logo.svg\",\"width\":279,\"height\":93,\"caption\":\"Omprela\"},\"image\":{\"@id\":\"https:\\\/\\\/omprela.gr\\\/#\\\/schema\\\/logo\\\/image\\\/\"}}]}<\/script>\n<!-- \/ Yoast SEO plugin. -->","yoast_head_json":{"title":"Fun Palm Woven Umbrella Cover | Replacement","description":"\u03a4\u03c1\u03bf\u03c0\u03b9\u03ba\u03cc \u039a\u03b1\u03c0\u03ad\u03bb\u03bf Fun Palm \u03a0\u03bb\u03b5\u03ba\u03c4\u03cc \u03c3\u03b5 \u03c0\u03bb\u03b5\u03ba\u03c4\u03ae \u03ae \u03c1\u03b1\u03bc\u03bc\u03ad\u03bd\u03b7 \u03b5\u03ba\u03b4\u03bf\u03c7\u03ae. \u03a62,00-2,50m \u03b3\u03b9\u03b1 \u03c4\u03c1\u03bf\u03c0\u03b9\u03ba\u03ae \u03b1\u03b9\u03c3\u03b8\u03b7\u03c4\u03b9\u03ba\u03ae. \u0394\u03b5\u03af\u03c4\u03b5 \u03c0\u03b5\u03c1\u03b9\u03c3\u03c3\u03cc\u03c4\u03b5\u03c1\u03b1.","robots":{"index":"index","follow":"follow","max-snippet":"max-snippet:-1","max-image-preview":"max-image-preview:large","max-video-preview":"max-video-preview:-1"},"canonical":"https:\/\/omprela.gr\/en\/product\/fun-palm-tropical-hat-woven\/","og_locale":"en_US","og_type":"article","og_title":"Fun Palm Woven Umbrella Cover | Replacement","og_description":"\u03a4\u03c1\u03bf\u03c0\u03b9\u03ba\u03cc \u039a\u03b1\u03c0\u03ad\u03bb\u03bf Fun Palm \u03a0\u03bb\u03b5\u03ba\u03c4\u03cc \u03c3\u03b5 \u03c0\u03bb\u03b5\u03ba\u03c4\u03ae \u03ae \u03c1\u03b1\u03bc\u03bc\u03ad\u03bd\u03b7 \u03b5\u03ba\u03b4\u03bf\u03c7\u03ae. \u03a62,00-2,50m \u03b3\u03b9\u03b1 \u03c4\u03c1\u03bf\u03c0\u03b9\u03ba\u03ae \u03b1\u03b9\u03c3\u03b8\u03b7\u03c4\u03b9\u03ba\u03ae. \u0394\u03b5\u03af\u03c4\u03b5 \u03c0\u03b5\u03c1\u03b9\u03c3\u03c3\u03cc\u03c4\u03b5\u03c1\u03b1.","og_url":"https:\/\/omprela.gr\/en\/product\/fun-palm-tropical-hat-woven\/","og_site_name":"Omprela","article_modified_time":"2026-02-10T12:39:16+00:00","og_image":[{"width":1400,"height":1600,"url":"https:\/\/omprela.gr\/wp-content\/uploads\/2025\/12\/kalymma-omprelas-funpalm.jpg","type":"image\/jpeg"}],"twitter_card":"summary_large_image","twitter_misc":{"Est. reading time":"1 minute"},"schema":{"@context":"https:\/\/schema.org","@graph":[{"@type":"WebPage","@id":"https:\/\/omprela.gr\/en\/product\/fun-palm-tropical-hat-woven\/","url":"https:\/\/omprela.gr\/en\/product\/fun-palm-tropical-hat-woven\/","name":"Fun Palm Woven Umbrella Cover | Replacement","isPartOf":{"@id":"https:\/\/omprela.gr\/#website"},"primaryImageOfPage":{"@id":"https:\/\/omprela.gr\/en\/product\/fun-palm-tropical-hat-woven\/#primaryimage"},"image":{"@id":"https:\/\/omprela.gr\/en\/product\/fun-palm-tropical-hat-woven\/#primaryimage"},"thumbnailUrl":"https:\/\/omprela.gr\/wp-content\/uploads\/2025\/12\/kalymma-omprelas-funpalm.jpg","datePublished":"2025-12-10T12:01:44+00:00","dateModified":"2026-02-10T12:39:16+00:00","description":"\u03a4\u03c1\u03bf\u03c0\u03b9\u03ba\u03cc \u039a\u03b1\u03c0\u03ad\u03bb\u03bf Fun Palm \u03a0\u03bb\u03b5\u03ba\u03c4\u03cc \u03c3\u03b5 \u03c0\u03bb\u03b5\u03ba\u03c4\u03ae \u03ae \u03c1\u03b1\u03bc\u03bc\u03ad\u03bd\u03b7 \u03b5\u03ba\u03b4\u03bf\u03c7\u03ae. \u03a62,00-2,50m \u03b3\u03b9\u03b1 \u03c4\u03c1\u03bf\u03c0\u03b9\u03ba\u03ae \u03b1\u03b9\u03c3\u03b8\u03b7\u03c4\u03b9\u03ba\u03ae. \u0394\u03b5\u03af\u03c4\u03b5 \u03c0\u03b5\u03c1\u03b9\u03c3\u03c3\u03cc\u03c4\u03b5\u03c1\u03b1.","breadcrumb":{"@id":"https:\/\/omprela.gr\/en\/product\/fun-palm-tropical-hat-woven\/#breadcrumb"},"inLanguage":"en-US","potentialAction":[{"@type":"ReadAction","target":["https:\/\/omprela.gr\/en\/product\/fun-palm-tropical-hat-woven\/"]}]},{"@type":"ImageObject","inLanguage":"en-US","@id":"https:\/\/omprela.gr\/en\/product\/fun-palm-tropical-hat-woven\/#primaryimage","url":"https:\/\/omprela.gr\/wp-content\/uploads\/2025\/12\/kalymma-omprelas-funpalm.jpg","contentUrl":"https:\/\/omprela.gr\/wp-content\/uploads\/2025\/12\/kalymma-omprelas-funpalm.jpg","width":1400,"height":1600,"caption":"Fun Palm woven tropical hat. Sizes: 2.50 \u00d7 2.50 m, 3.00 \u00d7 3.00 m, 3.50 \u00d7 3.50 m, 4.00 \u00d7 4.00 m."},{"@type":"BreadcrumbList","@id":"https:\/\/omprela.gr\/en\/product\/fun-palm-tropical-hat-woven\/#breadcrumb","itemListElement":[{"@type":"ListItem","position":1,"name":"Home","item":"https:\/\/omprela.gr\/en\/"},{"@type":"ListItem","position":2,"name":"Shop","item":"https:\/\/omprela.gr\/shop\/"},{"@type":"ListItem","position":3,"name":"Fun Palm Woven Umbrella Cover"}]},{"@type":"WebSite","@id":"https:\/\/omprela.gr\/#website","url":"https:\/\/omprela.gr\/","name":"Omprela","description":"\u03a8\u03ac\u03b8\u03b9\u03bd\u03b5\u03c2 \u039f\u03bc\u03c0\u03c1\u03ad\u03bb\u03b5\u03c2 \u03a0\u03b1\u03c1\u03b1\u03bb\u03af\u03b1\u03c2 \/ \u0398\u03b1\u03bb\u03ac\u03c3\u03c3\u03b7\u03c2 \u0395\u03c0\u03b1\u03b3\u03b3\u03b5\u03bb\u03bc\u03b1\u03c4\u03b9\u03ba\u03ad\u03c2","publisher":{"@id":"https:\/\/omprela.gr\/#organization"},"potentialAction":[{"@type":"SearchAction","target":{"@type":"EntryPoint","urlTemplate":"https:\/\/omprela.gr\/?s={search_term_string}"},"query-input":{"@type":"PropertyValueSpecification","valueRequired":true,"valueName":"search_term_string"}}],"inLanguage":"en-US"},{"@type":"Organization","@id":"https:\/\/omprela.gr\/#organization","name":"Omprela","url":"https:\/\/omprela.gr\/","logo":{"@type":"ImageObject","inLanguage":"en-US","@id":"https:\/\/omprela.gr\/#\/schema\/logo\/image\/","url":"https:\/\/omprela.gr\/wp-content\/uploads\/2025\/12\/omprela_logo.svg","contentUrl":"https:\/\/omprela.gr\/wp-content\/uploads\/2025\/12\/omprela_logo.svg","width":279,"height":93,"caption":"Omprela"},"image":{"@id":"https:\/\/omprela.gr\/#\/schema\/logo\/image\/"}}]}},"_links":{"self":[{"href":"https:\/\/omprela.gr\/en\/wp-json\/wp\/v2\/product\/5072","targetHints":{"allow":["GET"]}}],"collection":[{"href":"https:\/\/omprela.gr\/en\/wp-json\/wp\/v2\/product"}],"about":[{"href":"https:\/\/omprela.gr\/en\/wp-json\/wp\/v2\/types\/product"}],"replies":[{"embeddable":true,"href":"https:\/\/omprela.gr\/en\/wp-json\/wp\/v2\/comments?post=5072"}],"wp:featuredmedia":[{"embeddable":true,"href":"https:\/\/omprela.gr\/en\/wp-json\/wp\/v2\/media\/5043"}],"wp:attachment":[{"href":"https:\/\/omprela.gr\/en\/wp-json\/wp\/v2\/media?parent=5072"}],"wp:term":[{"taxonomy":"product_brand","embeddable":true,"href":"https:\/\/omprela.gr\/en\/wp-json\/wp\/v2\/product_brand?post=5072"},{"taxonomy":"product_cat","embeddable":true,"href":"https:\/\/omprela.gr\/en\/wp-json\/wp\/v2\/product_cat?post=5072"},{"taxonomy":"product_tag","embeddable":true,"href":"https:\/\/omprela.gr\/en\/wp-json\/wp\/v2\/product_tag?post=5072"}],"curies":[{"name":"wp","href":"https:\/\/api.w.org\/{rel}","templated":true}]}}