{"id":5051,"date":"2025-12-10T12:01:44","date_gmt":"2025-12-10T12:01:44","guid":{"rendered":"https:\/\/omprela.itsnotnow.gr\/product\/square-fun-palm-tropical-hat\/"},"modified":"2026-02-10T12:34:19","modified_gmt":"2026-02-10T12:34:19","slug":"square-fun-palm-tropical-hat","status":"publish","type":"product","link":"https:\/\/omprela.gr\/en\/product\/square-fun-palm-tropical-hat\/","title":{"rendered":"Fun Palm Square Umbrella Cover"},"content":{"rendered":"<ul>\n<li><span data-sheets-root=\"1\">Fun Palm with distinctive &#8220;fringe&#8221; features for a strong tropical style<br \/>\n<\/span><\/li>\n<li><span data-sheets-root=\"1\">Fits on frame with fastening (cable ties or thin wire)<br \/>\n<\/span><\/li>\n<li><span data-sheets-root=\"1\">Dimensions: 2.50 \u00d7 2.50 m \/ 3.00 \u00d7 3.00 m \/ 3.50 \u00d7 3.50 m \/ 4.00 \u00d7 4.00 m<br \/>\n<\/span><\/li>\n<li><span data-sheets-root=\"1\">Also available in round version <\/span><\/li>\n<\/ul>\n","protected":false},"excerpt":{"rendered":"<p><span data-sheets-root=\"1\">The square Fun Palm provides a more architectural, &#8220;clean&#8221; geometry to the shading, while maintaining the tropical style of the material. It&#8217;s sewn to form large surfaces, aiding in high water resistance, and visually appears more &#8220;structured.&#8221; It fits on the frame and is easily secured with simple means (cable ties\/thin wire). Available in 2.50&#215;2.50m \/ 3.00&#215;3.00m \/ 3.50&#215;3.50m \/ 4.00&#215;4.00m (also available in round). <\/span><\/p>\n","protected":false},"featured_media":5043,"comment_status":"closed","ping_status":"closed","template":"","meta":{"_acf_changed":false},"product_brand":[],"product_cat":[621,365,622,479,487,354,349,475],"product_tag":[],"class_list":{"0":"post-5051","1":"product","2":"type-product","3":"status-publish","4":"has-post-thumbnail","6":"product_cat-accessories","7":"product_cat-daybeds","8":"product_cat-reed-screens-shade-materials","9":"product_cat-wooden-structures-reed-screens-shade-materials","10":"product_cat-daybeds-reed-screens-shade-materials","11":"product_cat-umbrella-covers","12":"product_cat-umbrellas","13":"product_cat-wooden-structures","14":"pa_-250x250cm","15":"pa_-300x300cm-2","16":"pa_-350x350cm","17":"pa_-400x400cm","19":"first","20":"instock","21":"product-type-simple"},"acf":[],"yoast_head":"<!-- This site is optimized with the Yoast SEO plugin v27.4 - https:\/\/yoast.com\/product\/yoast-seo-wordpress\/ -->\n<title>Fun Palm Square Umbrella Cover | Replacement<\/title>\n<meta name=\"description\" content=\"Architectural geometry with tropical style, the Square Fun Palm Tropical Cover with high water resistance. Dimensions up to 4.00\u00d74.00m.\" \/>\n<meta name=\"robots\" content=\"index, follow, max-snippet:-1, max-image-preview:large, max-video-preview:-1\" \/>\n<link rel=\"canonical\" href=\"https:\/\/omprela.gr\/en\/product\/square-fun-palm-tropical-hat\/\" \/>\n<meta property=\"og:locale\" content=\"en_US\" \/>\n<meta property=\"og:type\" content=\"article\" \/>\n<meta property=\"og:title\" content=\"Fun Palm Square Umbrella Cover | Replacement\" \/>\n<meta property=\"og:description\" content=\"Architectural geometry with tropical style, the Square Fun Palm Tropical Cover with high water resistance. Dimensions up to 4.00\u00d74.00m.\" \/>\n<meta property=\"og:url\" content=\"https:\/\/omprela.gr\/en\/product\/square-fun-palm-tropical-hat\/\" \/>\n<meta property=\"og:site_name\" content=\"Omprela\" \/>\n<meta property=\"article:modified_time\" content=\"2026-02-10T12:34:19+00:00\" \/>\n<meta property=\"og:image\" content=\"https:\/\/omprela.gr\/wp-content\/uploads\/2025\/12\/kalymma-omprelas-funpalm.jpg\" \/>\n\t<meta property=\"og:image:width\" content=\"1400\" \/>\n\t<meta property=\"og:image:height\" content=\"1600\" \/>\n\t<meta property=\"og:image:type\" content=\"image\/jpeg\" \/>\n<meta name=\"twitter:card\" content=\"summary_large_image\" \/>\n<meta name=\"twitter:label1\" content=\"Est. reading time\" \/>\n\t<meta name=\"twitter:data1\" content=\"1 minute\" \/>\n<script type=\"application\/ld+json\" class=\"yoast-schema-graph\">{\"@context\":\"https:\\\/\\\/schema.org\",\"@graph\":[{\"@type\":\"WebPage\",\"@id\":\"https:\\\/\\\/omprela.gr\\\/en\\\/product\\\/square-fun-palm-tropical-hat\\\/\",\"url\":\"https:\\\/\\\/omprela.gr\\\/en\\\/product\\\/square-fun-palm-tropical-hat\\\/\",\"name\":\"Fun Palm Square Umbrella Cover | Replacement\",\"isPartOf\":{\"@id\":\"https:\\\/\\\/omprela.gr\\\/#website\"},\"primaryImageOfPage\":{\"@id\":\"https:\\\/\\\/omprela.gr\\\/en\\\/product\\\/square-fun-palm-tropical-hat\\\/#primaryimage\"},\"image\":{\"@id\":\"https:\\\/\\\/omprela.gr\\\/en\\\/product\\\/square-fun-palm-tropical-hat\\\/#primaryimage\"},\"thumbnailUrl\":\"https:\\\/\\\/omprela.gr\\\/wp-content\\\/uploads\\\/2025\\\/12\\\/kalymma-omprelas-funpalm.jpg\",\"datePublished\":\"2025-12-10T12:01:44+00:00\",\"dateModified\":\"2026-02-10T12:34:19+00:00\",\"description\":\"Architectural geometry with tropical style, the Square Fun Palm Tropical Cover with high water resistance. Dimensions up to 4.00\u00d74.00m.\",\"breadcrumb\":{\"@id\":\"https:\\\/\\\/omprela.gr\\\/en\\\/product\\\/square-fun-palm-tropical-hat\\\/#breadcrumb\"},\"inLanguage\":\"en-US\",\"potentialAction\":[{\"@type\":\"ReadAction\",\"target\":[\"https:\\\/\\\/omprela.gr\\\/en\\\/product\\\/square-fun-palm-tropical-hat\\\/\"]}]},{\"@type\":\"ImageObject\",\"inLanguage\":\"en-US\",\"@id\":\"https:\\\/\\\/omprela.gr\\\/en\\\/product\\\/square-fun-palm-tropical-hat\\\/#primaryimage\",\"url\":\"https:\\\/\\\/omprela.gr\\\/wp-content\\\/uploads\\\/2025\\\/12\\\/kalymma-omprelas-funpalm.jpg\",\"contentUrl\":\"https:\\\/\\\/omprela.gr\\\/wp-content\\\/uploads\\\/2025\\\/12\\\/kalymma-omprelas-funpalm.jpg\",\"width\":1400,\"height\":1600,\"caption\":\"Fun Palm woven tropical hat. Sizes: 2.50 \u00d7 2.50 m, 3.00 \u00d7 3.00 m, 3.50 \u00d7 3.50 m, 4.00 \u00d7 4.00 m.\"},{\"@type\":\"BreadcrumbList\",\"@id\":\"https:\\\/\\\/omprela.gr\\\/en\\\/product\\\/square-fun-palm-tropical-hat\\\/#breadcrumb\",\"itemListElement\":[{\"@type\":\"ListItem\",\"position\":1,\"name\":\"Home\",\"item\":\"https:\\\/\\\/omprela.gr\\\/en\\\/\"},{\"@type\":\"ListItem\",\"position\":2,\"name\":\"Shop\",\"item\":\"https:\\\/\\\/omprela.gr\\\/shop\\\/\"},{\"@type\":\"ListItem\",\"position\":3,\"name\":\"Fun Palm Square Umbrella Cover\"}]},{\"@type\":\"WebSite\",\"@id\":\"https:\\\/\\\/omprela.gr\\\/#website\",\"url\":\"https:\\\/\\\/omprela.gr\\\/\",\"name\":\"Omprela\",\"description\":\"\u03a8\u03ac\u03b8\u03b9\u03bd\u03b5\u03c2 \u039f\u03bc\u03c0\u03c1\u03ad\u03bb\u03b5\u03c2 \u03a0\u03b1\u03c1\u03b1\u03bb\u03af\u03b1\u03c2 \\\/ \u0398\u03b1\u03bb\u03ac\u03c3\u03c3\u03b7\u03c2 \u0395\u03c0\u03b1\u03b3\u03b3\u03b5\u03bb\u03bc\u03b1\u03c4\u03b9\u03ba\u03ad\u03c2\",\"publisher\":{\"@id\":\"https:\\\/\\\/omprela.gr\\\/#organization\"},\"potentialAction\":[{\"@type\":\"SearchAction\",\"target\":{\"@type\":\"EntryPoint\",\"urlTemplate\":\"https:\\\/\\\/omprela.gr\\\/?s={search_term_string}\"},\"query-input\":{\"@type\":\"PropertyValueSpecification\",\"valueRequired\":true,\"valueName\":\"search_term_string\"}}],\"inLanguage\":\"en-US\"},{\"@type\":\"Organization\",\"@id\":\"https:\\\/\\\/omprela.gr\\\/#organization\",\"name\":\"Omprela\",\"url\":\"https:\\\/\\\/omprela.gr\\\/\",\"logo\":{\"@type\":\"ImageObject\",\"inLanguage\":\"en-US\",\"@id\":\"https:\\\/\\\/omprela.gr\\\/#\\\/schema\\\/logo\\\/image\\\/\",\"url\":\"https:\\\/\\\/omprela.gr\\\/wp-content\\\/uploads\\\/2025\\\/12\\\/omprela_logo.svg\",\"contentUrl\":\"https:\\\/\\\/omprela.gr\\\/wp-content\\\/uploads\\\/2025\\\/12\\\/omprela_logo.svg\",\"width\":279,\"height\":93,\"caption\":\"Omprela\"},\"image\":{\"@id\":\"https:\\\/\\\/omprela.gr\\\/#\\\/schema\\\/logo\\\/image\\\/\"}}]}<\/script>\n<!-- \/ Yoast SEO plugin. -->","yoast_head_json":{"title":"Fun Palm Square Umbrella Cover | Replacement","description":"Architectural geometry with tropical style, the Square Fun Palm Tropical Cover with high water resistance. Dimensions up to 4.00\u00d74.00m.","robots":{"index":"index","follow":"follow","max-snippet":"max-snippet:-1","max-image-preview":"max-image-preview:large","max-video-preview":"max-video-preview:-1"},"canonical":"https:\/\/omprela.gr\/en\/product\/square-fun-palm-tropical-hat\/","og_locale":"en_US","og_type":"article","og_title":"Fun Palm Square Umbrella Cover | Replacement","og_description":"Architectural geometry with tropical style, the Square Fun Palm Tropical Cover with high water resistance. Dimensions up to 4.00\u00d74.00m.","og_url":"https:\/\/omprela.gr\/en\/product\/square-fun-palm-tropical-hat\/","og_site_name":"Omprela","article_modified_time":"2026-02-10T12:34:19+00:00","og_image":[{"width":1400,"height":1600,"url":"https:\/\/omprela.gr\/wp-content\/uploads\/2025\/12\/kalymma-omprelas-funpalm.jpg","type":"image\/jpeg"}],"twitter_card":"summary_large_image","twitter_misc":{"Est. reading time":"1 minute"},"schema":{"@context":"https:\/\/schema.org","@graph":[{"@type":"WebPage","@id":"https:\/\/omprela.gr\/en\/product\/square-fun-palm-tropical-hat\/","url":"https:\/\/omprela.gr\/en\/product\/square-fun-palm-tropical-hat\/","name":"Fun Palm Square Umbrella Cover | Replacement","isPartOf":{"@id":"https:\/\/omprela.gr\/#website"},"primaryImageOfPage":{"@id":"https:\/\/omprela.gr\/en\/product\/square-fun-palm-tropical-hat\/#primaryimage"},"image":{"@id":"https:\/\/omprela.gr\/en\/product\/square-fun-palm-tropical-hat\/#primaryimage"},"thumbnailUrl":"https:\/\/omprela.gr\/wp-content\/uploads\/2025\/12\/kalymma-omprelas-funpalm.jpg","datePublished":"2025-12-10T12:01:44+00:00","dateModified":"2026-02-10T12:34:19+00:00","description":"Architectural geometry with tropical style, the Square Fun Palm Tropical Cover with high water resistance. Dimensions up to 4.00\u00d74.00m.","breadcrumb":{"@id":"https:\/\/omprela.gr\/en\/product\/square-fun-palm-tropical-hat\/#breadcrumb"},"inLanguage":"en-US","potentialAction":[{"@type":"ReadAction","target":["https:\/\/omprela.gr\/en\/product\/square-fun-palm-tropical-hat\/"]}]},{"@type":"ImageObject","inLanguage":"en-US","@id":"https:\/\/omprela.gr\/en\/product\/square-fun-palm-tropical-hat\/#primaryimage","url":"https:\/\/omprela.gr\/wp-content\/uploads\/2025\/12\/kalymma-omprelas-funpalm.jpg","contentUrl":"https:\/\/omprela.gr\/wp-content\/uploads\/2025\/12\/kalymma-omprelas-funpalm.jpg","width":1400,"height":1600,"caption":"Fun Palm woven tropical hat. Sizes: 2.50 \u00d7 2.50 m, 3.00 \u00d7 3.00 m, 3.50 \u00d7 3.50 m, 4.00 \u00d7 4.00 m."},{"@type":"BreadcrumbList","@id":"https:\/\/omprela.gr\/en\/product\/square-fun-palm-tropical-hat\/#breadcrumb","itemListElement":[{"@type":"ListItem","position":1,"name":"Home","item":"https:\/\/omprela.gr\/en\/"},{"@type":"ListItem","position":2,"name":"Shop","item":"https:\/\/omprela.gr\/shop\/"},{"@type":"ListItem","position":3,"name":"Fun Palm Square Umbrella Cover"}]},{"@type":"WebSite","@id":"https:\/\/omprela.gr\/#website","url":"https:\/\/omprela.gr\/","name":"Omprela","description":"\u03a8\u03ac\u03b8\u03b9\u03bd\u03b5\u03c2 \u039f\u03bc\u03c0\u03c1\u03ad\u03bb\u03b5\u03c2 \u03a0\u03b1\u03c1\u03b1\u03bb\u03af\u03b1\u03c2 \/ \u0398\u03b1\u03bb\u03ac\u03c3\u03c3\u03b7\u03c2 \u0395\u03c0\u03b1\u03b3\u03b3\u03b5\u03bb\u03bc\u03b1\u03c4\u03b9\u03ba\u03ad\u03c2","publisher":{"@id":"https:\/\/omprela.gr\/#organization"},"potentialAction":[{"@type":"SearchAction","target":{"@type":"EntryPoint","urlTemplate":"https:\/\/omprela.gr\/?s={search_term_string}"},"query-input":{"@type":"PropertyValueSpecification","valueRequired":true,"valueName":"search_term_string"}}],"inLanguage":"en-US"},{"@type":"Organization","@id":"https:\/\/omprela.gr\/#organization","name":"Omprela","url":"https:\/\/omprela.gr\/","logo":{"@type":"ImageObject","inLanguage":"en-US","@id":"https:\/\/omprela.gr\/#\/schema\/logo\/image\/","url":"https:\/\/omprela.gr\/wp-content\/uploads\/2025\/12\/omprela_logo.svg","contentUrl":"https:\/\/omprela.gr\/wp-content\/uploads\/2025\/12\/omprela_logo.svg","width":279,"height":93,"caption":"Omprela"},"image":{"@id":"https:\/\/omprela.gr\/#\/schema\/logo\/image\/"}}]}},"_links":{"self":[{"href":"https:\/\/omprela.gr\/en\/wp-json\/wp\/v2\/product\/5051","targetHints":{"allow":["GET"]}}],"collection":[{"href":"https:\/\/omprela.gr\/en\/wp-json\/wp\/v2\/product"}],"about":[{"href":"https:\/\/omprela.gr\/en\/wp-json\/wp\/v2\/types\/product"}],"replies":[{"embeddable":true,"href":"https:\/\/omprela.gr\/en\/wp-json\/wp\/v2\/comments?post=5051"}],"wp:featuredmedia":[{"embeddable":true,"href":"https:\/\/omprela.gr\/en\/wp-json\/wp\/v2\/media\/5043"}],"wp:attachment":[{"href":"https:\/\/omprela.gr\/en\/wp-json\/wp\/v2\/media?parent=5051"}],"wp:term":[{"taxonomy":"product_brand","embeddable":true,"href":"https:\/\/omprela.gr\/en\/wp-json\/wp\/v2\/product_brand?post=5051"},{"taxonomy":"product_cat","embeddable":true,"href":"https:\/\/omprela.gr\/en\/wp-json\/wp\/v2\/product_cat?post=5051"},{"taxonomy":"product_tag","embeddable":true,"href":"https:\/\/omprela.gr\/en\/wp-json\/wp\/v2\/product_tag?post=5051"}],"curies":[{"name":"wp","href":"https:\/\/api.w.org\/{rel}","templated":true}]}}